{"id":829,"date":"2026-04-12T15:43:32","date_gmt":"2026-04-12T15:43:32","guid":{"rendered":"https:\/\/silk-pajamas.com\/19-momme-sandwashed-silk-dress-cowl-neck-floral\/"},"modified":"2026-04-20T03:16:46","modified_gmt":"2026-04-20T03:16:46","slug":"19-momme-sandwashed-silk-dress-cowl-neck-floral","status":"publish","type":"product","link":"https:\/\/silk-pajamas.com\/fr\/19-momme-sandwashed-silk-dress-cowl-neck-floral\/","title":{"rendered":"19 Momme Sandwashed Silk Dress Cowl Neck Floral"},"content":{"rendered":"<p>Fabriqu\u00e9e avec de la soie sabl\u00e9e de 19 mm, cette robe en soie est thermor\u00e9gulatrice, douce au toucher et \u00e9l\u00e9gante au niveau des mouvements. Le col b\u00e9nitier et la couleur florale lui conf\u00e8rent un look raffin\u00e9 pour les occasions. Disponible en XL, XXL, 3XL, 4XL. Laver \u00e0 la main \u00e0 froid ou utiliser un cycle d\u00e9licat.<\/p>","protected":false},"excerpt":{"rendered":"<p>19 Momme Sandwashed silk silk dress in Floral. Finition col b\u00e9nitier, sensation de r\u00e9gulation thermique et gamme de tailles XL, XXL, 3XL, 4XL. Con\u00e7ue pour l'occasion.<\/p>","protected":false},"featured_media":1703,"template":"","meta":{"_gspb_post_css":""},"product_brand":[],"product_cat":[29],"product_tag":[672,682,681],"class_list":{"0":"post-829","1":"product","2":"type-product","3":"status-publish","4":"has-post-thumbnail","6":"product_cat-silk-dresses","7":"product_tag-19-momme-silk-dress-floral","8":"product_tag-factory-silk-dress-for-occasion-dressing","9":"product_tag-sandwashed-silk-dress-cowl-neck","11":"first","12":"instock","13":"shipping-taxable","14":"purchasable","15":"product-type-simple"},"_links":{"self":[{"href":"https:\/\/silk-pajamas.com\/fr\/wp-json\/wp\/v2\/product\/829","targetHints":{"allow":["GET"]}}],"collection":[{"href":"https:\/\/silk-pajamas.com\/fr\/wp-json\/wp\/v2\/product"}],"about":[{"href":"https:\/\/silk-pajamas.com\/fr\/wp-json\/wp\/v2\/types\/product"}],"wp:featuredmedia":[{"embeddable":true,"href":"https:\/\/silk-pajamas.com\/fr\/wp-json\/wp\/v2\/media\/1703"}],"wp:attachment":[{"href":"https:\/\/silk-pajamas.com\/fr\/wp-json\/wp\/v2\/media?parent=829"}],"wp:term":[{"taxonomy":"product_brand","embeddable":true,"href":"https:\/\/silk-pajamas.com\/fr\/wp-json\/wp\/v2\/product_brand?post=829"},{"taxonomy":"product_cat","embeddable":true,"href":"https:\/\/silk-pajamas.com\/fr\/wp-json\/wp\/v2\/product_cat?post=829"},{"taxonomy":"product_tag","embeddable":true,"href":"https:\/\/silk-pajamas.com\/fr\/wp-json\/wp\/v2\/product_tag?post=829"}],"curies":[{"name":"wp","href":"https:\/\/api.w.org\/{rel}","templated":true}]}}