{"id":830,"date":"2026-04-12T15:43:32","date_gmt":"2026-04-12T15:43:32","guid":{"rendered":"https:\/\/silk-pajamas.com\/16-momme-mulberry-silk-dress-bias-cut-sky-blue\/"},"modified":"2026-04-20T03:18:15","modified_gmt":"2026-04-20T03:18:15","slug":"16-momme-mulberry-silk-dress-bias-cut-sky-blue","status":"publish","type":"product","link":"https:\/\/silk-pajamas.com\/fr\/16-momme-mulberry-silk-dress-bias-cut-sky-blue\/","title":{"rendered":"16 Momme Mulberry Silk Dress Bias Cut Sky Blue"},"content":{"rendered":"<p>Cette robe en soie est fabriqu\u00e9e \u00e0 partir de 16 momme de soie de m\u00fbrier dans un ton bleu ciel. Elle pr\u00e9sente une coupe en biais, un toucher doux et un drap\u00e9 confortable pour les soir\u00e9es. Ce mod\u00e8le convient aux tailles XS, S, M, L, XL et convient parfaitement aux tenues d'\u00e9t\u00e9, aux cadeaux et au confort quotidien. Laver \u00e0 la main \u00e0 froid ou utiliser un cycle d\u00e9licat.<\/p>","protected":false},"excerpt":{"rendered":"<p>16 Robe en soie Momme Mulberry en bleu ciel. Finition Bias Cut, toucher doux et taille XS, S, M, L, XL. Con\u00e7ue pour les soir\u00e9es.<\/p>","protected":false},"featured_media":1707,"template":"","meta":{"_gspb_post_css":""},"product_brand":[],"product_cat":[29],"product_tag":[683,647,684],"class_list":{"0":"post-830","1":"product","2":"type-product","3":"status-publish","4":"has-post-thumbnail","6":"product_cat-silk-dresses","7":"product_tag-16-momme-silk-dress-sky-blue","8":"product_tag-mulberry-silk-dress-bias-cut","9":"product_tag-wholesale-silk-dress-for-party-edits","11":"first","12":"instock","13":"shipping-taxable","14":"purchasable","15":"product-type-simple"},"_links":{"self":[{"href":"https:\/\/silk-pajamas.com\/fr\/wp-json\/wp\/v2\/product\/830","targetHints":{"allow":["GET"]}}],"collection":[{"href":"https:\/\/silk-pajamas.com\/fr\/wp-json\/wp\/v2\/product"}],"about":[{"href":"https:\/\/silk-pajamas.com\/fr\/wp-json\/wp\/v2\/types\/product"}],"wp:featuredmedia":[{"embeddable":true,"href":"https:\/\/silk-pajamas.com\/fr\/wp-json\/wp\/v2\/media\/1707"}],"wp:attachment":[{"href":"https:\/\/silk-pajamas.com\/fr\/wp-json\/wp\/v2\/media?parent=830"}],"wp:term":[{"taxonomy":"product_brand","embeddable":true,"href":"https:\/\/silk-pajamas.com\/fr\/wp-json\/wp\/v2\/product_brand?post=830"},{"taxonomy":"product_cat","embeddable":true,"href":"https:\/\/silk-pajamas.com\/fr\/wp-json\/wp\/v2\/product_cat?post=830"},{"taxonomy":"product_tag","embeddable":true,"href":"https:\/\/silk-pajamas.com\/fr\/wp-json\/wp\/v2\/product_tag?post=830"}],"curies":[{"name":"wp","href":"https:\/\/api.w.org\/{rel}","templated":true}]}}