{"id":831,"date":"2026-04-12T15:43:32","date_gmt":"2026-04-12T15:43:32","guid":{"rendered":"https:\/\/silk-pajamas.com\/25-momme-sandwashed-mulberry-silk-dress-backless-silver\/"},"modified":"2026-04-20T03:36:54","modified_gmt":"2026-04-20T03:36:54","slug":"25-momme-sandwashed-mulberry-silk-dress-backless-silver","status":"publish","type":"product","link":"https:\/\/silk-pajamas.com\/fr\/25-momme-sandwashed-mulberry-silk-dress-backless-silver\/","title":{"rendered":"25 Momme Sandwashed Mulberry Silk Dress Backless Silver"},"content":{"rendered":"<p>Cette robe en soie est fabriqu\u00e9e \u00e0 partir de 25 momme de soie sabl\u00e9e dans un ton argent\u00e9. Elle se caract\u00e9rise par un dos nu, un toucher doux et un drap\u00e9 confortable pour les femmes. Ce mod\u00e8le est adapt\u00e9 aux tailles personnalis\u00e9es et convient parfaitement \u00e0 toutes les saisons, aux cadeaux et au confort quotidien. Laver \u00e0 la main \u00e0 froid ou utiliser un cycle d\u00e9licat.<\/p>","protected":false},"excerpt":{"rendered":"<p>25 Momme Sandwashed robe en soie argent\u00e9e. Finition dos nu, sensation de respirabilit\u00e9 et taille sur mesure. Con\u00e7ue pour les femmes.<\/p>","protected":false},"featured_media":1711,"template":"","meta":{"_gspb_post_css":""},"product_brand":[],"product_cat":[29],"product_tag":[685,664,654],"class_list":{"0":"post-831","1":"product","2":"type-product","3":"status-publish","4":"has-post-thumbnail","6":"product_cat-silk-dresses","7":"product_tag-25-momme-silk-dress-silver","8":"product_tag-sandwashed-silk-dress-backless","9":"product_tag-supplier-silk-dress-for-women","11":"first","12":"instock","13":"shipping-taxable","14":"purchasable","15":"product-type-simple"},"_links":{"self":[{"href":"https:\/\/silk-pajamas.com\/fr\/wp-json\/wp\/v2\/product\/831","targetHints":{"allow":["GET"]}}],"collection":[{"href":"https:\/\/silk-pajamas.com\/fr\/wp-json\/wp\/v2\/product"}],"about":[{"href":"https:\/\/silk-pajamas.com\/fr\/wp-json\/wp\/v2\/types\/product"}],"wp:featuredmedia":[{"embeddable":true,"href":"https:\/\/silk-pajamas.com\/fr\/wp-json\/wp\/v2\/media\/1711"}],"wp:attachment":[{"href":"https:\/\/silk-pajamas.com\/fr\/wp-json\/wp\/v2\/media?parent=831"}],"wp:term":[{"taxonomy":"product_brand","embeddable":true,"href":"https:\/\/silk-pajamas.com\/fr\/wp-json\/wp\/v2\/product_brand?post=831"},{"taxonomy":"product_cat","embeddable":true,"href":"https:\/\/silk-pajamas.com\/fr\/wp-json\/wp\/v2\/product_cat?post=831"},{"taxonomy":"product_tag","embeddable":true,"href":"https:\/\/silk-pajamas.com\/fr\/wp-json\/wp\/v2\/product_tag?post=831"}],"curies":[{"name":"wp","href":"https:\/\/api.w.org\/{rel}","templated":true}]}}