{"id":834,"date":"2026-04-12T15:43:33","date_gmt":"2026-04-12T15:43:33","guid":{"rendered":"https:\/\/silk-pajamas.com\/19-momme-mulberry-silk-jacket-open-front-lilac\/"},"modified":"2026-04-20T02:33:48","modified_gmt":"2026-04-20T02:33:48","slug":"19-momme-mulberry-silk-jacket-open-front-lilac","status":"publish","type":"product","link":"https:\/\/silk-pajamas.com\/fr\/19-momme-mulberry-silk-jacket-open-front-lilac\/","title":{"rendered":"19 Momme Veste en soie de m\u00fbrier ouverte sur le devant Lilas"},"content":{"rendered":"<p>Fabriqu\u00e9e avec de la soie de m\u00fbrier de 19 mm, cette couche ext\u00e9rieure l\u00e9g\u00e8re offre un drap\u00e9 lisse, un toucher doux et un mouvement \u00e9l\u00e9gant. Sa construction ouverte sur le devant et sa couleur lilas lui conf\u00e8rent une allure \u00e9l\u00e9gante pour les femmes. Disponible en sur mesure. Laver \u00e0 la main \u00e0 froid ou utiliser un cycle d\u00e9licat.<\/p>","protected":false},"excerpt":{"rendered":"<p>19 Momme Mulberry soie l\u00e9g\u00e8re couche ext\u00e9rieure en Lilas. Finition ouverte sur le devant, drap\u00e9 doux et gamme de tailles sur mesure. Con\u00e7u pour les femmes.<\/p>","protected":false},"featured_media":1480,"template":"","meta":{"_gspb_post_css":""},"product_brand":[],"product_cat":[33],"product_tag":[688,689,690],"class_list":{"0":"post-834","1":"product","2":"type-product","3":"status-publish","4":"has-post-thumbnail","6":"product_cat-silk-outerwears","7":"product_tag-19-momme-silk-outerwear-lilac","8":"product_tag-mulberry-silk-outerwear-open-front","9":"product_tag-wholesale-silk-outerwear-for-women","11":"first","12":"instock","13":"featured","14":"shipping-taxable","15":"purchasable","16":"product-type-simple"},"_links":{"self":[{"href":"https:\/\/silk-pajamas.com\/fr\/wp-json\/wp\/v2\/product\/834","targetHints":{"allow":["GET"]}}],"collection":[{"href":"https:\/\/silk-pajamas.com\/fr\/wp-json\/wp\/v2\/product"}],"about":[{"href":"https:\/\/silk-pajamas.com\/fr\/wp-json\/wp\/v2\/types\/product"}],"wp:featuredmedia":[{"embeddable":true,"href":"https:\/\/silk-pajamas.com\/fr\/wp-json\/wp\/v2\/media\/1480"}],"wp:attachment":[{"href":"https:\/\/silk-pajamas.com\/fr\/wp-json\/wp\/v2\/media?parent=834"}],"wp:term":[{"taxonomy":"product_brand","embeddable":true,"href":"https:\/\/silk-pajamas.com\/fr\/wp-json\/wp\/v2\/product_brand?post=834"},{"taxonomy":"product_cat","embeddable":true,"href":"https:\/\/silk-pajamas.com\/fr\/wp-json\/wp\/v2\/product_cat?post=834"},{"taxonomy":"product_tag","embeddable":true,"href":"https:\/\/silk-pajamas.com\/fr\/wp-json\/wp\/v2\/product_tag?post=834"}],"curies":[{"name":"wp","href":"https:\/\/api.w.org\/{rel}","templated":true}]}}