{"id":835,"date":"2026-04-12T15:43:33","date_gmt":"2026-04-12T15:43:33","guid":{"rendered":"https:\/\/silk-pajamas.com\/19-momme-crepe-silk-jacket-kimono-black-factory\/"},"modified":"2026-04-20T02:37:34","modified_gmt":"2026-04-20T02:37:34","slug":"19-momme-crepe-silk-jacket-kimono-black-factory","status":"publish","type":"product","link":"https:\/\/silk-pajamas.com\/fr\/19-momme-crepe-silk-jacket-kimono-black-factory\/","title":{"rendered":"19 Momme Veste en cr\u00eape de soie Kimono Noir Factory"},"content":{"rendered":"<p>Confectionn\u00e9e en cr\u00eape de soie 19 momme, cette couche ext\u00e9rieure l\u00e9g\u00e8re offre un toucher doux et respirant ainsi qu'un mouvement \u00e9l\u00e9gant. La construction kimono et la couleur noire lui conf\u00e8rent un look raffin\u00e9 pour les s\u00e9jours en station baln\u00e9aire. Disponible en M, L, XL, XXL. Laver \u00e0 la main \u00e0 froid ou utiliser un cycle d\u00e9licat.<\/p>","protected":false},"excerpt":{"rendered":"<p>19 Couche ext\u00e9rieure l\u00e9g\u00e8re en cr\u00eape de soie Momme en noir. Finition kimono, sensation de respirabilit\u00e9 et tailles M, L, XL, XXL. Con\u00e7ue pour la vill\u00e9giature.<\/p>","protected":false},"featured_media":1665,"template":"","meta":{"_gspb_post_css":""},"product_brand":[],"product_cat":[33],"product_tag":[691,692,693],"class_list":{"0":"post-835","1":"product","2":"type-product","3":"status-publish","4":"has-post-thumbnail","6":"product_cat-silk-outerwears","7":"product_tag-19-momme-silk-outerwear-black","8":"product_tag-crepe-silk-outerwear-kimono","9":"product_tag-manufacturer-silk-outerwear-for-resort-dressing","11":"first","12":"instock","13":"shipping-taxable","14":"purchasable","15":"product-type-simple"},"_links":{"self":[{"href":"https:\/\/silk-pajamas.com\/fr\/wp-json\/wp\/v2\/product\/835","targetHints":{"allow":["GET"]}}],"collection":[{"href":"https:\/\/silk-pajamas.com\/fr\/wp-json\/wp\/v2\/product"}],"about":[{"href":"https:\/\/silk-pajamas.com\/fr\/wp-json\/wp\/v2\/types\/product"}],"wp:featuredmedia":[{"embeddable":true,"href":"https:\/\/silk-pajamas.com\/fr\/wp-json\/wp\/v2\/media\/1665"}],"wp:attachment":[{"href":"https:\/\/silk-pajamas.com\/fr\/wp-json\/wp\/v2\/media?parent=835"}],"wp:term":[{"taxonomy":"product_brand","embeddable":true,"href":"https:\/\/silk-pajamas.com\/fr\/wp-json\/wp\/v2\/product_brand?post=835"},{"taxonomy":"product_cat","embeddable":true,"href":"https:\/\/silk-pajamas.com\/fr\/wp-json\/wp\/v2\/product_cat?post=835"},{"taxonomy":"product_tag","embeddable":true,"href":"https:\/\/silk-pajamas.com\/fr\/wp-json\/wp\/v2\/product_tag?post=835"}],"curies":[{"name":"wp","href":"https:\/\/api.w.org\/{rel}","templated":true}]}}