{"id":838,"date":"2026-04-12T15:43:33","date_gmt":"2026-04-12T15:43:33","guid":{"rendered":"https:\/\/silk-pajamas.com\/25-momme-mulberry-silk-cover-up-open-front-blush\/"},"modified":"2026-04-20T02:44:24","modified_gmt":"2026-04-20T02:44:24","slug":"25-momme-mulberry-silk-cover-up-open-front-blush","status":"publish","type":"product","link":"https:\/\/silk-pajamas.com\/fr\/25-momme-mulberry-silk-cover-up-open-front-blush\/","title":{"rendered":"25 Momme Mulberry Silk Cover Up Open Front Blush"},"content":{"rendered":"<p>Fabriqu\u00e9e en soie de m\u00fbrier 25 momme, cette couche ext\u00e9rieure l\u00e9g\u00e8re offre un toucher doux et respirant, ainsi qu'un mouvement \u00e9l\u00e9gant. La construction ouverte sur le devant et la couleur blush lui conf\u00e8rent une allure \u00e9l\u00e9gante pour les superpositions. Disponible en M, L, XL, XXL. Laver \u00e0 la main \u00e0 froid ou utiliser un cycle d\u00e9licat.<\/p>","protected":false},"excerpt":{"rendered":"<p>25 Momme Mulberry silk light outer layer in Blush. Finition ouverte sur le devant, sensation de respirabilit\u00e9 et tailles M, L, XL, XXL. Con\u00e7u pour les superpositions.<\/p>","protected":false},"featured_media":1677,"template":"","meta":{"_gspb_post_css":""},"product_brand":[],"product_cat":[33],"product_tag":[699,689,700],"class_list":{"0":"post-838","1":"product","2":"type-product","3":"status-publish","4":"has-post-thumbnail","6":"product_cat-silk-outerwears","7":"product_tag-25-momme-silk-outerwear-blush","8":"product_tag-mulberry-silk-outerwear-open-front","9":"product_tag-vendor-silk-outerwear-for-layering-looks","11":"first","12":"instock","13":"shipping-taxable","14":"purchasable","15":"product-type-simple"},"_links":{"self":[{"href":"https:\/\/silk-pajamas.com\/fr\/wp-json\/wp\/v2\/product\/838","targetHints":{"allow":["GET"]}}],"collection":[{"href":"https:\/\/silk-pajamas.com\/fr\/wp-json\/wp\/v2\/product"}],"about":[{"href":"https:\/\/silk-pajamas.com\/fr\/wp-json\/wp\/v2\/types\/product"}],"wp:featuredmedia":[{"embeddable":true,"href":"https:\/\/silk-pajamas.com\/fr\/wp-json\/wp\/v2\/media\/1677"}],"wp:attachment":[{"href":"https:\/\/silk-pajamas.com\/fr\/wp-json\/wp\/v2\/media?parent=838"}],"wp:term":[{"taxonomy":"product_brand","embeddable":true,"href":"https:\/\/silk-pajamas.com\/fr\/wp-json\/wp\/v2\/product_brand?post=838"},{"taxonomy":"product_cat","embeddable":true,"href":"https:\/\/silk-pajamas.com\/fr\/wp-json\/wp\/v2\/product_cat?post=838"},{"taxonomy":"product_tag","embeddable":true,"href":"https:\/\/silk-pajamas.com\/fr\/wp-json\/wp\/v2\/product_tag?post=838"}],"curies":[{"name":"wp","href":"https:\/\/api.w.org\/{rel}","templated":true}]}}