{"id":840,"date":"2026-04-12T15:43:33","date_gmt":"2026-04-12T15:43:33","guid":{"rendered":"https:\/\/silk-pajamas.com\/25-momme-sandwashed-silk-jacket-quilted-ivory\/"},"modified":"2026-04-20T02:49:42","modified_gmt":"2026-04-20T02:49:42","slug":"25-momme-sandwashed-silk-jacket-quilted-ivory","status":"publish","type":"product","link":"https:\/\/silk-pajamas.com\/fr\/25-momme-sandwashed-silk-jacket-quilted-ivory\/","title":{"rendered":"25 Momme Sandwashed Silk Jacket Quilted Ivory (ivoire matelass\u00e9)"},"content":{"rendered":"<p>Fabriqu\u00e9e avec 25 mommes de soie sabl\u00e9e, cette couche ext\u00e9rieure l\u00e9g\u00e8re offre un drap\u00e9 lisse, un toucher doux et un mouvement \u00e9l\u00e9gant. Sa construction matelass\u00e9e et sa couleur ivoire lui conf\u00e8rent une allure raffin\u00e9e pour les femmes. Disponible en M, L, XL, XXL. Laver \u00e0 la main \u00e0 froid ou utiliser un cycle d\u00e9licat.<\/p>","protected":false},"excerpt":{"rendered":"<p>25 Momme Sandwashed silk light outer layer in Ivory. Finition matelass\u00e9e, drap\u00e9 doux et tailles M, L, XL, XXL. Con\u00e7u pour la femme.<\/p>","protected":false},"featured_media":1685,"template":"","meta":{"_gspb_post_css":""},"product_brand":[],"product_cat":[33],"product_tag":[703,705,704],"class_list":{"0":"post-840","1":"product","2":"type-product","3":"status-publish","4":"has-post-thumbnail","6":"product_cat-silk-outerwears","7":"product_tag-25-momme-silk-outerwear-ivory","8":"product_tag-manufacturer-silk-outerwear-for-women","9":"product_tag-sandwashed-silk-outerwear-quilted","11":"first","12":"instock","13":"shipping-taxable","14":"purchasable","15":"product-type-simple"},"_links":{"self":[{"href":"https:\/\/silk-pajamas.com\/fr\/wp-json\/wp\/v2\/product\/840","targetHints":{"allow":["GET"]}}],"collection":[{"href":"https:\/\/silk-pajamas.com\/fr\/wp-json\/wp\/v2\/product"}],"about":[{"href":"https:\/\/silk-pajamas.com\/fr\/wp-json\/wp\/v2\/types\/product"}],"wp:featuredmedia":[{"embeddable":true,"href":"https:\/\/silk-pajamas.com\/fr\/wp-json\/wp\/v2\/media\/1685"}],"wp:attachment":[{"href":"https:\/\/silk-pajamas.com\/fr\/wp-json\/wp\/v2\/media?parent=840"}],"wp:term":[{"taxonomy":"product_brand","embeddable":true,"href":"https:\/\/silk-pajamas.com\/fr\/wp-json\/wp\/v2\/product_brand?post=840"},{"taxonomy":"product_cat","embeddable":true,"href":"https:\/\/silk-pajamas.com\/fr\/wp-json\/wp\/v2\/product_cat?post=840"},{"taxonomy":"product_tag","embeddable":true,"href":"https:\/\/silk-pajamas.com\/fr\/wp-json\/wp\/v2\/product_tag?post=840"}],"curies":[{"name":"wp","href":"https:\/\/api.w.org\/{rel}","templated":true}]}}