{"id":843,"date":"2026-04-12T15:43:33","date_gmt":"2026-04-12T15:43:33","guid":{"rendered":"https:\/\/silk-pajamas.com\/25-momme-mulberry-silk-jacket-lightweight-silver\/"},"modified":"2026-04-20T02:53:52","modified_gmt":"2026-04-20T02:53:52","slug":"25-momme-mulberry-silk-jacket-lightweight-silver","status":"publish","type":"product","link":"https:\/\/silk-pajamas.com\/fr\/25-momme-mulberry-silk-jacket-lightweight-silver\/","title":{"rendered":"25 Momme Mulberry Silk Jacket Lightweight Silver"},"content":{"rendered":"<p>Fabriqu\u00e9e en soie de m\u00fbrier de 25 mm, cette couche ext\u00e9rieure l\u00e9g\u00e8re offre une sensation de respiration et de douceur sur la peau, ainsi qu'un mouvement \u00e9l\u00e9gant. Sa construction l\u00e9g\u00e8re et sa couleur argent\u00e9e lui conf\u00e8rent une allure \u00e9l\u00e9gante pour les superpositions. Disponible en sur mesure. Laver \u00e0 la main \u00e0 froid ou utiliser un cycle d\u00e9licat.<\/p>","protected":false},"excerpt":{"rendered":"<p>25 Momme Mulberry silk light outer layer in Silver. Finition l\u00e9g\u00e8re, sensation de respirabilit\u00e9 et gamme de tailles sur mesure. Con\u00e7u pour les superpositions.<\/p>","protected":false},"featured_media":1689,"template":"","meta":{"_gspb_post_css":""},"product_brand":[],"product_cat":[33],"product_tag":[712,713,714],"class_list":{"0":"post-843","1":"product","2":"type-product","3":"status-publish","4":"has-post-thumbnail","6":"product_cat-silk-outerwears","7":"product_tag-25-momme-silk-outerwear-silver","8":"product_tag-mulberry-silk-outerwear-lightweight","9":"product_tag-supplier-silk-outerwear-for-layering-looks","11":"first","12":"instock","13":"shipping-taxable","14":"purchasable","15":"product-type-simple"},"_links":{"self":[{"href":"https:\/\/silk-pajamas.com\/fr\/wp-json\/wp\/v2\/product\/843","targetHints":{"allow":["GET"]}}],"collection":[{"href":"https:\/\/silk-pajamas.com\/fr\/wp-json\/wp\/v2\/product"}],"about":[{"href":"https:\/\/silk-pajamas.com\/fr\/wp-json\/wp\/v2\/types\/product"}],"wp:featuredmedia":[{"embeddable":true,"href":"https:\/\/silk-pajamas.com\/fr\/wp-json\/wp\/v2\/media\/1689"}],"wp:attachment":[{"href":"https:\/\/silk-pajamas.com\/fr\/wp-json\/wp\/v2\/media?parent=843"}],"wp:term":[{"taxonomy":"product_brand","embeddable":true,"href":"https:\/\/silk-pajamas.com\/fr\/wp-json\/wp\/v2\/product_brand?post=843"},{"taxonomy":"product_cat","embeddable":true,"href":"https:\/\/silk-pajamas.com\/fr\/wp-json\/wp\/v2\/product_cat?post=843"},{"taxonomy":"product_tag","embeddable":true,"href":"https:\/\/silk-pajamas.com\/fr\/wp-json\/wp\/v2\/product_tag?post=843"}],"curies":[{"name":"wp","href":"https:\/\/api.w.org\/{rel}","templated":true}]}}