{"id":844,"date":"2026-04-12T15:43:33","date_gmt":"2026-04-12T15:43:33","guid":{"rendered":"https:\/\/silk-pajamas.com\/25-momme-crepe-silk-cover-up-bomber-lilac-manufacturer\/"},"modified":"2026-04-20T02:57:59","modified_gmt":"2026-04-20T02:57:59","slug":"25-momme-crepe-silk-cover-up-bomber-lilac-manufacturer","status":"publish","type":"product","link":"https:\/\/silk-pajamas.com\/fr\/25-momme-crepe-silk-cover-up-bomber-lilac-manufacturer\/","title":{"rendered":"25 Momme Crepe Silk Cover Up Bomber Lilas Fabricant"},"content":{"rendered":"<p>Cette couche ext\u00e9rieure l\u00e9g\u00e8re est r\u00e9alis\u00e9e en 25 cr\u00eapes de soie momme dans un ton lilas. Il pr\u00e9sente des caract\u00e9ristiques de bombardier, un toucher doux et un drap\u00e9 confortable pour les voyages. Ce mod\u00e8le convient aux tailles M, L, XL et XXL et convient parfaitement aux tenues de printemps, aux cadeaux et au confort quotidien. Laver \u00e0 la main \u00e0 froid ou utiliser un cycle d\u00e9licat.<\/p>","protected":false},"excerpt":{"rendered":"<p>25 Couche ext\u00e9rieure l\u00e9g\u00e8re en cr\u00eape de soie Momme, coloris lilas. Finition bombardier, sensation de respirabilit\u00e9 et tailles M, L, XL, XXL. Con\u00e7u pour le voyage.<\/p>","protected":false},"featured_media":1692,"template":"","meta":{"_gspb_post_css":""},"product_brand":[],"product_cat":[33],"product_tag":[697,715,716],"class_list":{"0":"post-844","1":"product","2":"type-product","3":"status-publish","4":"has-post-thumbnail","6":"product_cat-silk-outerwears","7":"product_tag-25-momme-silk-outerwear-lilac","8":"product_tag-crepe-silk-outerwear-bomber","9":"product_tag-supplier-silk-outerwear-for-travel-use","11":"first","12":"instock","13":"featured","14":"shipping-taxable","15":"purchasable","16":"product-type-simple"},"_links":{"self":[{"href":"https:\/\/silk-pajamas.com\/fr\/wp-json\/wp\/v2\/product\/844","targetHints":{"allow":["GET"]}}],"collection":[{"href":"https:\/\/silk-pajamas.com\/fr\/wp-json\/wp\/v2\/product"}],"about":[{"href":"https:\/\/silk-pajamas.com\/fr\/wp-json\/wp\/v2\/types\/product"}],"wp:featuredmedia":[{"embeddable":true,"href":"https:\/\/silk-pajamas.com\/fr\/wp-json\/wp\/v2\/media\/1692"}],"wp:attachment":[{"href":"https:\/\/silk-pajamas.com\/fr\/wp-json\/wp\/v2\/media?parent=844"}],"wp:term":[{"taxonomy":"product_brand","embeddable":true,"href":"https:\/\/silk-pajamas.com\/fr\/wp-json\/wp\/v2\/product_brand?post=844"},{"taxonomy":"product_cat","embeddable":true,"href":"https:\/\/silk-pajamas.com\/fr\/wp-json\/wp\/v2\/product_cat?post=844"},{"taxonomy":"product_tag","embeddable":true,"href":"https:\/\/silk-pajamas.com\/fr\/wp-json\/wp\/v2\/product_tag?post=844"}],"curies":[{"name":"wp","href":"https:\/\/api.w.org\/{rel}","templated":true}]}}