{"id":847,"date":"2026-04-12T15:43:34","date_gmt":"2026-04-12T15:43:34","guid":{"rendered":"https:\/\/silk-pajamas.com\/16-momme-charmeuse-silk-outerwear-belted-wine\/"},"modified":"2026-04-19T07:59:49","modified_gmt":"2026-04-19T07:59:49","slug":"16-momme-charmeuse-silk-outerwear-belted-wine","status":"publish","type":"product","link":"https:\/\/silk-pajamas.com\/fr\/16-momme-charmeuse-silk-outerwear-belted-wine\/","title":{"rendered":"16 Momme Charmeuse Silk Outerwear Belted Wine"},"content":{"rendered":"<p>Fabriqu\u00e9e en 16 momme charmeuse de soie, cette couche ext\u00e9rieure l\u00e9g\u00e8re est infroissable, douce au toucher et \u00e9l\u00e9gante au niveau du mouvement. La construction ceintur\u00e9e et la couleur vin permettent aux femmes de rester \u00e9l\u00e9gantes. Disponible en S, M, L, XL. Laver \u00e0 la main \u00e0 froid ou utiliser un cycle d\u00e9licat.<\/p>","protected":false},"excerpt":{"rendered":"<p>16 Couche ext\u00e9rieure l\u00e9g\u00e8re en soie Momme Charmeuse, couleur vin. Finition ceintur\u00e9e, toucher infroissable et tailles S, M, L, XL. Con\u00e7u pour la femme.<\/p>","protected":false},"featured_media":1631,"template":"","meta":{"_gspb_post_css":""},"product_brand":[],"product_cat":[33],"product_tag":[722,698,723],"class_list":{"0":"post-847","1":"product","2":"type-product","3":"status-publish","4":"has-post-thumbnail","6":"product_cat-silk-outerwears","7":"product_tag-16-momme-silk-outerwear-wine","8":"product_tag-charmeuse-silk-outerwear-belted","9":"product_tag-supplier-silk-outerwear-for-women","11":"first","12":"instock","13":"shipping-taxable","14":"purchasable","15":"product-type-simple"},"_links":{"self":[{"href":"https:\/\/silk-pajamas.com\/fr\/wp-json\/wp\/v2\/product\/847","targetHints":{"allow":["GET"]}}],"collection":[{"href":"https:\/\/silk-pajamas.com\/fr\/wp-json\/wp\/v2\/product"}],"about":[{"href":"https:\/\/silk-pajamas.com\/fr\/wp-json\/wp\/v2\/types\/product"}],"wp:featuredmedia":[{"embeddable":true,"href":"https:\/\/silk-pajamas.com\/fr\/wp-json\/wp\/v2\/media\/1631"}],"wp:attachment":[{"href":"https:\/\/silk-pajamas.com\/fr\/wp-json\/wp\/v2\/media?parent=847"}],"wp:term":[{"taxonomy":"product_brand","embeddable":true,"href":"https:\/\/silk-pajamas.com\/fr\/wp-json\/wp\/v2\/product_brand?post=847"},{"taxonomy":"product_cat","embeddable":true,"href":"https:\/\/silk-pajamas.com\/fr\/wp-json\/wp\/v2\/product_cat?post=847"},{"taxonomy":"product_tag","embeddable":true,"href":"https:\/\/silk-pajamas.com\/fr\/wp-json\/wp\/v2\/product_tag?post=847"}],"curies":[{"name":"wp","href":"https:\/\/api.w.org\/{rel}","templated":true}]}}