{"id":848,"date":"2026-04-12T15:43:34","date_gmt":"2026-04-12T15:43:34","guid":{"rendered":"https:\/\/silk-pajamas.com\/19-momme-mulberry-silk-cover-up-lightweight-sage\/"},"modified":"2026-04-19T08:19:48","modified_gmt":"2026-04-19T08:19:48","slug":"19-momme-mulberry-silk-cover-up-lightweight-sage","status":"publish","type":"product","link":"https:\/\/silk-pajamas.com\/fr\/19-momme-mulberry-silk-cover-up-lightweight-sage\/","title":{"rendered":"19 Momme Couvre-chef en soie de m\u00fbrier L\u00e9g\u00e8ret\u00e9 de la sauge"},"content":{"rendered":"<p>Fabriqu\u00e9e avec de la soie de m\u00fbrier 19 momme, cette couche ext\u00e9rieure l\u00e9g\u00e8re offre une sensation de l\u00e9g\u00e8ret\u00e9 et de douceur sur la peau ainsi qu'un mouvement \u00e9l\u00e9gant. Sa construction l\u00e9g\u00e8re et sa couleur sauge lui conf\u00e8rent un look raffin\u00e9 pour les s\u00e9jours en station baln\u00e9aire. Disponible en M, L, XL, XXL. Laver \u00e0 la main \u00e0 froid ou utiliser un cycle d\u00e9licat.<\/p>","protected":false},"excerpt":{"rendered":"<p>19 Momme Mulberry silk light outer layer in Sage. Finition l\u00e9g\u00e8re, sensation de l\u00e9g\u00e8ret\u00e9 et gamme de tailles M, L, XL, XXL. Con\u00e7u pour les s\u00e9jours en station.<\/p>","protected":false},"featured_media":1634,"template":"","meta":{"_gspb_post_css":""},"product_brand":[],"product_cat":[33],"product_tag":[701,713,724],"class_list":{"0":"post-848","1":"product","2":"type-product","3":"status-publish","4":"has-post-thumbnail","6":"product_cat-silk-outerwears","7":"product_tag-19-momme-silk-outerwear-sage","8":"product_tag-mulberry-silk-outerwear-lightweight","9":"product_tag-supplier-silk-outerwear-for-resort-dressing","11":"first","12":"instock","13":"shipping-taxable","14":"purchasable","15":"product-type-simple"},"_links":{"self":[{"href":"https:\/\/silk-pajamas.com\/fr\/wp-json\/wp\/v2\/product\/848","targetHints":{"allow":["GET"]}}],"collection":[{"href":"https:\/\/silk-pajamas.com\/fr\/wp-json\/wp\/v2\/product"}],"about":[{"href":"https:\/\/silk-pajamas.com\/fr\/wp-json\/wp\/v2\/types\/product"}],"wp:featuredmedia":[{"embeddable":true,"href":"https:\/\/silk-pajamas.com\/fr\/wp-json\/wp\/v2\/media\/1634"}],"wp:attachment":[{"href":"https:\/\/silk-pajamas.com\/fr\/wp-json\/wp\/v2\/media?parent=848"}],"wp:term":[{"taxonomy":"product_brand","embeddable":true,"href":"https:\/\/silk-pajamas.com\/fr\/wp-json\/wp\/v2\/product_brand?post=848"},{"taxonomy":"product_cat","embeddable":true,"href":"https:\/\/silk-pajamas.com\/fr\/wp-json\/wp\/v2\/product_cat?post=848"},{"taxonomy":"product_tag","embeddable":true,"href":"https:\/\/silk-pajamas.com\/fr\/wp-json\/wp\/v2\/product_tag?post=848"}],"curies":[{"name":"wp","href":"https:\/\/api.w.org\/{rel}","templated":true}]}}