{"id":851,"date":"2026-04-12T15:43:34","date_gmt":"2026-04-12T15:43:34","guid":{"rendered":"https:\/\/silk-pajamas.com\/25-momme-crepe-silk-jacket-bomber-black-supplier\/"},"modified":"2026-04-19T08:24:17","modified_gmt":"2026-04-19T08:24:17","slug":"25-momme-crepe-silk-jacket-bomber-black-supplier","status":"publish","type":"product","link":"https:\/\/silk-pajamas.com\/fr\/25-momme-crepe-silk-jacket-bomber-black-supplier\/","title":{"rendered":"25 Momme Crepe Silk Jacket Bomber Black Supplier"},"content":{"rendered":"<p>Confectionn\u00e9e en 25 cr\u00eapes de soie momme, cette couche ext\u00e9rieure l\u00e9g\u00e8re offre un toucher doux et respirant, ainsi qu'un mouvement \u00e9l\u00e9gant. Sa construction bombardier et sa couleur noire lui conf\u00e8rent une allure \u00e9l\u00e9gante pour les superpositions. Disponible en taille unique. Laver \u00e0 la main \u00e0 froid ou utiliser un cycle d\u00e9licat.<\/p>","protected":false},"excerpt":{"rendered":"<p>25 Couche ext\u00e9rieure l\u00e9g\u00e8re en cr\u00eape de soie Momme en noir. Finition bombardier, sensation de respirabilit\u00e9 et taille unique. Con\u00e7u pour les superpositions.<\/p>","protected":false},"featured_media":1621,"template":"","meta":{"_gspb_post_css":""},"product_brand":[],"product_cat":[33],"product_tag":[706,715,730],"class_list":{"0":"post-851","1":"product","2":"type-product","3":"status-publish","4":"has-post-thumbnail","6":"product_cat-silk-outerwears","7":"product_tag-25-momme-silk-outerwear-black","8":"product_tag-crepe-silk-outerwear-bomber","9":"product_tag-wholesale-silk-outerwear-for-layering-looks","11":"first","12":"instock","13":"shipping-taxable","14":"purchasable","15":"product-type-simple"},"_links":{"self":[{"href":"https:\/\/silk-pajamas.com\/fr\/wp-json\/wp\/v2\/product\/851","targetHints":{"allow":["GET"]}}],"collection":[{"href":"https:\/\/silk-pajamas.com\/fr\/wp-json\/wp\/v2\/product"}],"about":[{"href":"https:\/\/silk-pajamas.com\/fr\/wp-json\/wp\/v2\/types\/product"}],"wp:featuredmedia":[{"embeddable":true,"href":"https:\/\/silk-pajamas.com\/fr\/wp-json\/wp\/v2\/media\/1621"}],"wp:attachment":[{"href":"https:\/\/silk-pajamas.com\/fr\/wp-json\/wp\/v2\/media?parent=851"}],"wp:term":[{"taxonomy":"product_brand","embeddable":true,"href":"https:\/\/silk-pajamas.com\/fr\/wp-json\/wp\/v2\/product_brand?post=851"},{"taxonomy":"product_cat","embeddable":true,"href":"https:\/\/silk-pajamas.com\/fr\/wp-json\/wp\/v2\/product_cat?post=851"},{"taxonomy":"product_tag","embeddable":true,"href":"https:\/\/silk-pajamas.com\/fr\/wp-json\/wp\/v2\/product_tag?post=851"}],"curies":[{"name":"wp","href":"https:\/\/api.w.org\/{rel}","templated":true}]}}