{"id":859,"date":"2026-04-12T15:43:35","date_gmt":"2026-04-12T15:43:35","guid":{"rendered":"https:\/\/silk-pajamas.com\/22-momme-mulberry-silk-pants-wide-leg-coffee-supplier\/"},"modified":"2026-04-19T07:47:10","modified_gmt":"2026-04-19T07:47:10","slug":"22-momme-mulberry-silk-pants-wide-leg-coffee-supplier","status":"publish","type":"product","link":"https:\/\/silk-pajamas.com\/fr\/22-momme-mulberry-silk-pants-wide-leg-coffee-supplier\/","title":{"rendered":"22 Momme Mulberry Silk Pants Wide Leg Coffee Supplier"},"content":{"rendered":"<p>Ce pantalon tailleur en soie est confectionn\u00e9 \u00e0 partir de 22 momme de soie de m\u00fbrier, dans un ton caf\u00e9. Il est dot\u00e9 d'une jambe large, d'une main douce et d'un drap\u00e9 confortable pour les tenues de bureau. Ce mod\u00e8le convient aux tailles XL, XXL, 3XL et 4XL et convient parfaitement aux tenues d'\u00e9t\u00e9, aux cadeaux et au confort quotidien. Laver \u00e0 la main \u00e0 froid ou utiliser un cycle d\u00e9licat.<\/p>","protected":false},"excerpt":{"rendered":"<p>22 Pantalon de tailleur en soie Mulberry de Momme en caf\u00e9. Finition jambes larges, sensation de r\u00e9gulation thermique et gamme de tailles XL, XXL, 3XL, 4XL. Con\u00e7u pour les tenues de bureau.<\/p>","protected":false},"featured_media":1589,"template":"","meta":{"_gspb_post_css":""},"product_brand":[],"product_cat":[31],"product_tag":[745,747,746],"class_list":{"0":"post-859","1":"product","2":"type-product","3":"status-publish","4":"has-post-thumbnail","6":"product_cat-silk-pants","7":"product_tag-22-momme-silk-pants-coffee","8":"product_tag-factory-silk-pants-for-office-outfits","9":"product_tag-mulberry-silk-pants-wide-leg","11":"first","12":"instock","13":"shipping-taxable","14":"purchasable","15":"product-type-simple"},"_links":{"self":[{"href":"https:\/\/silk-pajamas.com\/fr\/wp-json\/wp\/v2\/product\/859","targetHints":{"allow":["GET"]}}],"collection":[{"href":"https:\/\/silk-pajamas.com\/fr\/wp-json\/wp\/v2\/product"}],"about":[{"href":"https:\/\/silk-pajamas.com\/fr\/wp-json\/wp\/v2\/types\/product"}],"wp:featuredmedia":[{"embeddable":true,"href":"https:\/\/silk-pajamas.com\/fr\/wp-json\/wp\/v2\/media\/1589"}],"wp:attachment":[{"href":"https:\/\/silk-pajamas.com\/fr\/wp-json\/wp\/v2\/media?parent=859"}],"wp:term":[{"taxonomy":"product_brand","embeddable":true,"href":"https:\/\/silk-pajamas.com\/fr\/wp-json\/wp\/v2\/product_brand?post=859"},{"taxonomy":"product_cat","embeddable":true,"href":"https:\/\/silk-pajamas.com\/fr\/wp-json\/wp\/v2\/product_cat?post=859"},{"taxonomy":"product_tag","embeddable":true,"href":"https:\/\/silk-pajamas.com\/fr\/wp-json\/wp\/v2\/product_tag?post=859"}],"curies":[{"name":"wp","href":"https:\/\/api.w.org\/{rel}","templated":true}]}}