{"id":860,"date":"2026-04-12T15:43:35","date_gmt":"2026-04-12T15:43:35","guid":{"rendered":"https:\/\/silk-pajamas.com\/22-momme-crepe-mulberry-silk-pants-ankle-length-coffee\/"},"modified":"2026-04-19T07:47:33","modified_gmt":"2026-04-19T07:47:33","slug":"22-momme-crepe-mulberry-silk-pants-ankle-length-coffee","status":"publish","type":"product","link":"https:\/\/silk-pajamas.com\/fr\/22-momme-crepe-mulberry-silk-pants-ankle-length-coffee\/","title":{"rendered":"22 Momme Crepe Mulberry Silk Pants Ankle Length Coffee"},"content":{"rendered":"<p>Fabriqu\u00e9 en cr\u00eape de soie 22 momme, ce pantalon de soie sur mesure est respirant, doux au toucher et offre un mouvement \u00e9l\u00e9gant. Sa longueur \u00e0 la cheville et sa couleur caf\u00e9 lui conf\u00e8rent une allure \u00e9l\u00e9gante pour les voyages. Disponible en XS, S, M, L, XL, XXL. Laver \u00e0 la main \u00e0 froid ou utiliser un cycle d\u00e9licat.<\/p>","protected":false},"excerpt":{"rendered":"<p>22 Pantalon de tailleur en cr\u00eape de soie Momme, coloris caf\u00e9. Finition longueur cheville, sensation de respirabilit\u00e9 et taille XS, S, M, L, XL, XXL. Con\u00e7u pour le voyage.<\/p>","protected":false},"featured_media":1588,"template":"","meta":{"_gspb_post_css":""},"product_brand":[],"product_cat":[31],"product_tag":[745,748,749],"class_list":{"0":"post-860","1":"product","2":"type-product","3":"status-publish","4":"has-post-thumbnail","6":"product_cat-silk-pants","7":"product_tag-22-momme-silk-pants-coffee","8":"product_tag-crepe-silk-pants-ankle-length","9":"product_tag-manufacturer-silk-pants-for-travel-use","11":"first","12":"instock","13":"shipping-taxable","14":"purchasable","15":"product-type-simple"},"_links":{"self":[{"href":"https:\/\/silk-pajamas.com\/fr\/wp-json\/wp\/v2\/product\/860","targetHints":{"allow":["GET"]}}],"collection":[{"href":"https:\/\/silk-pajamas.com\/fr\/wp-json\/wp\/v2\/product"}],"about":[{"href":"https:\/\/silk-pajamas.com\/fr\/wp-json\/wp\/v2\/types\/product"}],"wp:featuredmedia":[{"embeddable":true,"href":"https:\/\/silk-pajamas.com\/fr\/wp-json\/wp\/v2\/media\/1588"}],"wp:attachment":[{"href":"https:\/\/silk-pajamas.com\/fr\/wp-json\/wp\/v2\/media?parent=860"}],"wp:term":[{"taxonomy":"product_brand","embeddable":true,"href":"https:\/\/silk-pajamas.com\/fr\/wp-json\/wp\/v2\/product_brand?post=860"},{"taxonomy":"product_cat","embeddable":true,"href":"https:\/\/silk-pajamas.com\/fr\/wp-json\/wp\/v2\/product_cat?post=860"},{"taxonomy":"product_tag","embeddable":true,"href":"https:\/\/silk-pajamas.com\/fr\/wp-json\/wp\/v2\/product_tag?post=860"}],"curies":[{"name":"wp","href":"https:\/\/api.w.org\/{rel}","templated":true}]}}