{"id":868,"date":"2026-04-12T15:43:37","date_gmt":"2026-04-12T15:43:37","guid":{"rendered":"https:\/\/silk-pajamas.com\/16-momme-crepe-silk-pants-elastic-waist-pearl-factory\/"},"modified":"2026-04-19T07:23:00","modified_gmt":"2026-04-19T07:23:00","slug":"16-momme-crepe-silk-pants-elastic-waist-pearl-factory","status":"publish","type":"product","link":"https:\/\/silk-pajamas.com\/fr\/16-momme-crepe-silk-pants-elastic-waist-pearl-factory\/","title":{"rendered":"16 Momme Pantalon en cr\u00eape de soie Taille \u00e9lastique Pearl Factory"},"content":{"rendered":"<p>Fabriqu\u00e9 en cr\u00eape de soie 16 momme, ce pantalon de soie sur mesure est infroissable, doux au toucher et \u00e9l\u00e9gant au niveau du mouvement. La taille \u00e9lastique et la couleur perle lui conf\u00e8rent une allure \u00e9l\u00e9gante pour les voyages. Disponible en S, M, L, XL. Laver \u00e0 la main \u00e0 froid ou utiliser un cycle d\u00e9licat.<\/p>","protected":false},"excerpt":{"rendered":"<p>16 Pantalon de tailleur en cr\u00eape de soie Momme en perle. Finition taille \u00e9lastique, toucher infroissable et taille S, M, L, XL. Con\u00e7u pour le voyage.<\/p>","protected":false},"featured_media":1561,"template":"","meta":{"_gspb_post_css":""},"product_brand":[],"product_cat":[31],"product_tag":[767,768,761],"class_list":{"0":"post-868","1":"product","2":"type-product","3":"status-publish","4":"has-post-thumbnail","6":"product_cat-silk-pants","7":"product_tag-16-momme-silk-pants-pearl","8":"product_tag-crepe-silk-pants-elastic-waist","9":"product_tag-wholesale-silk-pants-for-travel-use","11":"first","12":"instock","13":"shipping-taxable","14":"purchasable","15":"product-type-simple"},"_links":{"self":[{"href":"https:\/\/silk-pajamas.com\/fr\/wp-json\/wp\/v2\/product\/868","targetHints":{"allow":["GET"]}}],"collection":[{"href":"https:\/\/silk-pajamas.com\/fr\/wp-json\/wp\/v2\/product"}],"about":[{"href":"https:\/\/silk-pajamas.com\/fr\/wp-json\/wp\/v2\/types\/product"}],"wp:featuredmedia":[{"embeddable":true,"href":"https:\/\/silk-pajamas.com\/fr\/wp-json\/wp\/v2\/media\/1561"}],"wp:attachment":[{"href":"https:\/\/silk-pajamas.com\/fr\/wp-json\/wp\/v2\/media?parent=868"}],"wp:term":[{"taxonomy":"product_brand","embeddable":true,"href":"https:\/\/silk-pajamas.com\/fr\/wp-json\/wp\/v2\/product_brand?post=868"},{"taxonomy":"product_cat","embeddable":true,"href":"https:\/\/silk-pajamas.com\/fr\/wp-json\/wp\/v2\/product_cat?post=868"},{"taxonomy":"product_tag","embeddable":true,"href":"https:\/\/silk-pajamas.com\/fr\/wp-json\/wp\/v2\/product_tag?post=868"}],"curies":[{"name":"wp","href":"https:\/\/api.w.org\/{rel}","templated":true}]}}