{"id":871,"date":"2026-04-12T15:43:37","date_gmt":"2026-04-12T15:43:37","guid":{"rendered":"https:\/\/silk-pajamas.com\/16-momme-mulberry-silk-pants-drawstring-champagne\/"},"modified":"2026-04-19T07:30:51","modified_gmt":"2026-04-19T07:30:51","slug":"16-momme-mulberry-silk-pants-drawstring-champagne","status":"publish","type":"product","link":"https:\/\/silk-pajamas.com\/fr\/16-momme-mulberry-silk-pants-drawstring-champagne\/","title":{"rendered":"16 Momme Mulberry Silk Pants Drawstring Champagne"},"content":{"rendered":"<p>Confectionn\u00e9 en soie de m\u00fbrier 16 momme, ce pantalon de soie sur mesure associe un cordon de serrage \u00e0 une brillance douce et \u00e0 une sensation de respirabilit\u00e9. La finition champagne lui conf\u00e8re une allure raffin\u00e9e, tandis que les tailles XL, XXL, 3XL et 4XL permettent de couvrir les besoins essentiels. Convient aux femmes et \u00e0 la garde-robe d'\u00e9t\u00e9. Laver \u00e0 la main \u00e0 froid ou utiliser un cycle d\u00e9licat.<\/p>","protected":false},"excerpt":{"rendered":"<p>16 Pantalon de tailleur en soie Momme Mulberry en Champagne. Finition cordon de serrage, toucher infroissable et gamme de tailles XL, XXL, 3XL, 4XL. Con\u00e7u pour la femme.<\/p>","protected":false},"featured_media":1576,"template":"","meta":{"_gspb_post_css":""},"product_brand":[],"product_cat":[31],"product_tag":[772,773,769],"class_list":{"0":"post-871","1":"product","2":"type-product","3":"status-publish","4":"has-post-thumbnail","6":"product_cat-silk-pants","7":"product_tag-16-momme-silk-pants-champagne","8":"product_tag-factory-silk-pants-for-women","9":"product_tag-mulberry-silk-pants-drawstring","11":"first","12":"instock","13":"featured","14":"shipping-taxable","15":"purchasable","16":"product-type-simple"},"_links":{"self":[{"href":"https:\/\/silk-pajamas.com\/fr\/wp-json\/wp\/v2\/product\/871","targetHints":{"allow":["GET"]}}],"collection":[{"href":"https:\/\/silk-pajamas.com\/fr\/wp-json\/wp\/v2\/product"}],"about":[{"href":"https:\/\/silk-pajamas.com\/fr\/wp-json\/wp\/v2\/types\/product"}],"wp:featuredmedia":[{"embeddable":true,"href":"https:\/\/silk-pajamas.com\/fr\/wp-json\/wp\/v2\/media\/1576"}],"wp:attachment":[{"href":"https:\/\/silk-pajamas.com\/fr\/wp-json\/wp\/v2\/media?parent=871"}],"wp:term":[{"taxonomy":"product_brand","embeddable":true,"href":"https:\/\/silk-pajamas.com\/fr\/wp-json\/wp\/v2\/product_brand?post=871"},{"taxonomy":"product_cat","embeddable":true,"href":"https:\/\/silk-pajamas.com\/fr\/wp-json\/wp\/v2\/product_cat?post=871"},{"taxonomy":"product_tag","embeddable":true,"href":"https:\/\/silk-pajamas.com\/fr\/wp-json\/wp\/v2\/product_tag?post=871"}],"curies":[{"name":"wp","href":"https:\/\/api.w.org\/{rel}","templated":true}]}}