{"id":876,"date":"2026-04-12T15:43:38","date_gmt":"2026-04-12T15:43:38","guid":{"rendered":"https:\/\/silk-pajamas.com\/16-momme-crepe-silk-pants-drawstring-wine-wholesale\/"},"modified":"2026-04-19T06:46:46","modified_gmt":"2026-04-19T06:46:46","slug":"16-momme-crepe-silk-pants-drawstring-wine-wholesale","status":"publish","type":"product","link":"https:\/\/silk-pajamas.com\/fr\/16-momme-crepe-silk-pants-drawstring-wine-wholesale\/","title":{"rendered":"16 Momme Crepe Silk Pants Drawstring Wine Wholesale"},"content":{"rendered":"<p>Ce pantalon tailleur en soie est confectionn\u00e9 en cr\u00eape de soie 16 momme dans un ton lie-de-vin. Il est dot\u00e9 d'un cordon de serrage, d'un toucher doux et d'un drap\u00e9 confortable pour les tenues de bureau. Ce mod\u00e8le convient aux tailles S, M, L et XL et convient parfaitement aux tenues d'\u00e9t\u00e9, aux cadeaux et au confort quotidien. Laver \u00e0 la main \u00e0 froid ou utiliser un cycle d\u00e9licat.<\/p>","protected":false},"excerpt":{"rendered":"<p>16 Pantalon de tailleur en cr\u00eape de soie Momme en vin. Finition cordon de serrage, sensation de thermor\u00e9gulation et taille S, M, L, XL. Con\u00e7u pour les tenues de bureau.<\/p>","protected":false},"featured_media":1489,"template":"","meta":{"_gspb_post_css":""},"product_brand":[],"product_cat":[31],"product_tag":[782,774,776],"class_list":{"0":"post-876","1":"product","2":"type-product","3":"status-publish","4":"has-post-thumbnail","6":"product_cat-silk-pants","7":"product_tag-16-momme-silk-pants-wine","8":"product_tag-crepe-silk-pants-drawstring","9":"product_tag-vendor-silk-pants-for-office-outfits","11":"first","12":"instock","13":"featured","14":"shipping-taxable","15":"purchasable","16":"product-type-simple"},"_links":{"self":[{"href":"https:\/\/silk-pajamas.com\/fr\/wp-json\/wp\/v2\/product\/876","targetHints":{"allow":["GET"]}}],"collection":[{"href":"https:\/\/silk-pajamas.com\/fr\/wp-json\/wp\/v2\/product"}],"about":[{"href":"https:\/\/silk-pajamas.com\/fr\/wp-json\/wp\/v2\/types\/product"}],"wp:featuredmedia":[{"embeddable":true,"href":"https:\/\/silk-pajamas.com\/fr\/wp-json\/wp\/v2\/media\/1489"}],"wp:attachment":[{"href":"https:\/\/silk-pajamas.com\/fr\/wp-json\/wp\/v2\/media?parent=876"}],"wp:term":[{"taxonomy":"product_brand","embeddable":true,"href":"https:\/\/silk-pajamas.com\/fr\/wp-json\/wp\/v2\/product_brand?post=876"},{"taxonomy":"product_cat","embeddable":true,"href":"https:\/\/silk-pajamas.com\/fr\/wp-json\/wp\/v2\/product_cat?post=876"},{"taxonomy":"product_tag","embeddable":true,"href":"https:\/\/silk-pajamas.com\/fr\/wp-json\/wp\/v2\/product_tag?post=876"}],"curies":[{"name":"wp","href":"https:\/\/api.w.org\/{rel}","templated":true}]}}