{"id":881,"date":"2026-04-12T15:43:38","date_gmt":"2026-04-12T15:43:38","guid":{"rendered":"https:\/\/silk-pajamas.com\/22-momme-mulberry-silk-blouse-relaxed-fit-sky-blue\/"},"modified":"2026-04-19T07:04:23","modified_gmt":"2026-04-19T07:04:23","slug":"22-momme-mulberry-silk-blouse-relaxed-fit-sky-blue","status":"publish","type":"product","link":"https:\/\/silk-pajamas.com\/fr\/22-momme-mulberry-silk-blouse-relaxed-fit-sky-blue\/","title":{"rendered":"22 Momme Mulberry Silk Blouse Relaxed Fit Sky Blue"},"content":{"rendered":"<p>Cette blouse en soie est fabriqu\u00e9e \u00e0 partir de 22 momme de soie de m\u00fbrier dans un ton bleu ciel. Elle pr\u00e9sente une coupe d\u00e9contract\u00e9e, un toucher doux et un drap\u00e9 confortable pour les voyages. Ce mod\u00e8le convient aux tailles XS, S, M, L, XL et convient parfaitement aux tenues de printemps, aux cadeaux et au confort quotidien. Laver \u00e0 la main \u00e0 froid ou utiliser un cycle d\u00e9licat.<\/p>","protected":false},"excerpt":{"rendered":"<p>22 Chemisier en soie Momme Mulberry, bleu ciel. Finition Relaxed Fit, l\u00e9g\u00e8ret\u00e9 et taille XS, S, M, L, XL. Con\u00e7ue pour le voyage.<\/p>","protected":false},"featured_media":1510,"template":"","meta":{"_gspb_post_css":""},"product_brand":[],"product_cat":[27],"product_tag":[789,791,790],"class_list":{"0":"post-881","1":"product","2":"type-product","3":"status-publish","4":"has-post-thumbnail","6":"product_cat-silk-shirts-blouses","7":"product_tag-22-momme-silk-blouse-sky-blue","8":"product_tag-factory-silk-blouse-for-travel-use","9":"product_tag-mulberry-silk-blouse-relaxed-fit","11":"first","12":"instock","13":"featured","14":"shipping-taxable","15":"purchasable","16":"product-type-simple"},"_links":{"self":[{"href":"https:\/\/silk-pajamas.com\/fr\/wp-json\/wp\/v2\/product\/881","targetHints":{"allow":["GET"]}}],"collection":[{"href":"https:\/\/silk-pajamas.com\/fr\/wp-json\/wp\/v2\/product"}],"about":[{"href":"https:\/\/silk-pajamas.com\/fr\/wp-json\/wp\/v2\/types\/product"}],"wp:featuredmedia":[{"embeddable":true,"href":"https:\/\/silk-pajamas.com\/fr\/wp-json\/wp\/v2\/media\/1510"}],"wp:attachment":[{"href":"https:\/\/silk-pajamas.com\/fr\/wp-json\/wp\/v2\/media?parent=881"}],"wp:term":[{"taxonomy":"product_brand","embeddable":true,"href":"https:\/\/silk-pajamas.com\/fr\/wp-json\/wp\/v2\/product_brand?post=881"},{"taxonomy":"product_cat","embeddable":true,"href":"https:\/\/silk-pajamas.com\/fr\/wp-json\/wp\/v2\/product_cat?post=881"},{"taxonomy":"product_tag","embeddable":true,"href":"https:\/\/silk-pajamas.com\/fr\/wp-json\/wp\/v2\/product_tag?post=881"}],"curies":[{"name":"wp","href":"https:\/\/api.w.org\/{rel}","templated":true}]}}