{"id":884,"date":"2026-04-12T15:43:38","date_gmt":"2026-04-12T15:43:38","guid":{"rendered":"https:\/\/silk-pajamas.com\/22-momme-crepe-silk-blouse-bow-collar-ivory-manufacturer\/"},"modified":"2026-04-19T07:09:14","modified_gmt":"2026-04-19T07:09:14","slug":"22-momme-crepe-silk-blouse-bow-collar-ivory-manufacturer","status":"publish","type":"product","link":"https:\/\/silk-pajamas.com\/fr\/22-momme-crepe-silk-blouse-bow-collar-ivory-manufacturer\/","title":{"rendered":"22 Momme Crepe Silk Blouse Bow Collar Ivory Fabricant"},"content":{"rendered":"<p>Cette blouse en soie est r\u00e9alis\u00e9e en cr\u00eape de soie 22 momme dans un ton ivoire. Elle est dot\u00e9e d'un col \u00e0 n\u0153ud, d'un toucher doux et d'un drap\u00e9 confortable pour les femmes. Ce mod\u00e8le convient aux tailles personnalis\u00e9es et convient parfaitement aux tenues d'\u00e9t\u00e9, aux cadeaux et au confort quotidien. Laver \u00e0 la main \u00e0 froid ou au cycle d\u00e9licat.<\/p>","protected":false},"excerpt":{"rendered":"<p>22 Chemisier en cr\u00eape de soie Momme en ivoire. Finition col noeud, toucher respirant et taille sur mesure. Con\u00e7ue pour la femme.<\/p>","protected":false},"featured_media":1526,"template":"","meta":{"_gspb_post_css":""},"product_brand":[],"product_cat":[27],"product_tag":[798,799,800],"class_list":{"0":"post-884","1":"product","2":"type-product","3":"status-publish","4":"has-post-thumbnail","6":"product_cat-silk-shirts-blouses","7":"product_tag-22-momme-silk-blouse-ivory","8":"product_tag-crepe-silk-blouse-bow-collar","9":"product_tag-factory-silk-blouse-for-women","11":"first","12":"instock","13":"shipping-taxable","14":"purchasable","15":"product-type-simple"},"_links":{"self":[{"href":"https:\/\/silk-pajamas.com\/fr\/wp-json\/wp\/v2\/product\/884","targetHints":{"allow":["GET"]}}],"collection":[{"href":"https:\/\/silk-pajamas.com\/fr\/wp-json\/wp\/v2\/product"}],"about":[{"href":"https:\/\/silk-pajamas.com\/fr\/wp-json\/wp\/v2\/types\/product"}],"wp:featuredmedia":[{"embeddable":true,"href":"https:\/\/silk-pajamas.com\/fr\/wp-json\/wp\/v2\/media\/1526"}],"wp:attachment":[{"href":"https:\/\/silk-pajamas.com\/fr\/wp-json\/wp\/v2\/media?parent=884"}],"wp:term":[{"taxonomy":"product_brand","embeddable":true,"href":"https:\/\/silk-pajamas.com\/fr\/wp-json\/wp\/v2\/product_brand?post=884"},{"taxonomy":"product_cat","embeddable":true,"href":"https:\/\/silk-pajamas.com\/fr\/wp-json\/wp\/v2\/product_cat?post=884"},{"taxonomy":"product_tag","embeddable":true,"href":"https:\/\/silk-pajamas.com\/fr\/wp-json\/wp\/v2\/product_tag?post=884"}],"curies":[{"name":"wp","href":"https:\/\/api.w.org\/{rel}","templated":true}]}}