{"id":885,"date":"2026-04-12T15:43:38","date_gmt":"2026-04-12T15:43:38","guid":{"rendered":"https:\/\/silk-pajamas.com\/19-momme-sandwashed-mulberry-silk-blouse-bow-collar-floral\/"},"modified":"2026-04-19T07:11:25","modified_gmt":"2026-04-19T07:11:25","slug":"19-momme-sandwashed-mulberry-silk-blouse-bow-collar-floral","status":"publish","type":"product","link":"https:\/\/silk-pajamas.com\/fr\/19-momme-sandwashed-mulberry-silk-blouse-bow-collar-floral\/","title":{"rendered":"19 Momme Chemisier en soie de m\u00fbrier avec n\u0153ud et col fleuri"},"content":{"rendered":"<p>Cette blouse en soie est confectionn\u00e9e \u00e0 partir de 19 momme de soie sabl\u00e9e dans un ton floral. Elle est dot\u00e9e d'un col \u00e0 n\u0153ud, d'un toucher doux et d'un drap\u00e9 confortable pour les garde-robes de type capsule. Ce mod\u00e8le convient aux tailles XL, XXL, 3XL et 4XL et convient parfaitement aux tenues d'\u00e9t\u00e9, aux cadeaux et au confort quotidien. Laver \u00e0 la main \u00e0 froid ou utiliser un cycle d\u00e9licat.<\/p>","protected":false},"excerpt":{"rendered":"<p>19 Momme Chemisier en soie sabl\u00e9e, coloris Floral. Finition col arrondi, toucher respirant et tailles XL, XXL, 3XL, 4XL. Con\u00e7ue pour les garde-robes capsules.<\/p>","protected":false},"featured_media":1531,"template":"","meta":{"_gspb_post_css":""},"product_brand":[],"product_cat":[27],"product_tag":[801,803,802],"class_list":{"0":"post-885","1":"product","2":"type-product","3":"status-publish","4":"has-post-thumbnail","6":"product_cat-silk-shirts-blouses","7":"product_tag-19-momme-silk-blouse-floral","8":"product_tag-manufacturer-silk-blouse-for-capsule-wardrobes","9":"product_tag-sandwashed-silk-blouse-bow-collar","11":"first","12":"instock","13":"shipping-taxable","14":"purchasable","15":"product-type-simple"},"_links":{"self":[{"href":"https:\/\/silk-pajamas.com\/fr\/wp-json\/wp\/v2\/product\/885","targetHints":{"allow":["GET"]}}],"collection":[{"href":"https:\/\/silk-pajamas.com\/fr\/wp-json\/wp\/v2\/product"}],"about":[{"href":"https:\/\/silk-pajamas.com\/fr\/wp-json\/wp\/v2\/types\/product"}],"wp:featuredmedia":[{"embeddable":true,"href":"https:\/\/silk-pajamas.com\/fr\/wp-json\/wp\/v2\/media\/1531"}],"wp:attachment":[{"href":"https:\/\/silk-pajamas.com\/fr\/wp-json\/wp\/v2\/media?parent=885"}],"wp:term":[{"taxonomy":"product_brand","embeddable":true,"href":"https:\/\/silk-pajamas.com\/fr\/wp-json\/wp\/v2\/product_brand?post=885"},{"taxonomy":"product_cat","embeddable":true,"href":"https:\/\/silk-pajamas.com\/fr\/wp-json\/wp\/v2\/product_cat?post=885"},{"taxonomy":"product_tag","embeddable":true,"href":"https:\/\/silk-pajamas.com\/fr\/wp-json\/wp\/v2\/product_tag?post=885"}],"curies":[{"name":"wp","href":"https:\/\/api.w.org\/{rel}","templated":true}]}}