{"id":886,"date":"2026-04-12T15:43:38","date_gmt":"2026-04-12T15:43:38","guid":{"rendered":"https:\/\/silk-pajamas.com\/16-momme-crepe-mulberry-silk-blouse-button-down-navy\/"},"modified":"2026-04-19T07:13:32","modified_gmt":"2026-04-19T07:13:32","slug":"16-momme-crepe-mulberry-silk-blouse-button-down-navy","status":"publish","type":"product","link":"https:\/\/silk-pajamas.com\/fr\/16-momme-crepe-mulberry-silk-blouse-button-down-navy\/","title":{"rendered":"16 Momme Crepe Mulberry Silk Blouse Button Down Navy"},"content":{"rendered":"<p>R\u00e9alis\u00e9e en cr\u00eape de soie 16 momme, cette blouse en soie offre un drap\u00e9 lisse, un toucher doux et un mouvement \u00e9l\u00e9gant. Sa construction boutonn\u00e9e et sa couleur marine lui conf\u00e8rent un look raffin\u00e9 pour les garde-robes de type capsule. Disponible en XL, XXL, 3XL, 4XL. Laver \u00e0 la main \u00e0 froid ou utiliser un cycle d\u00e9licat.<\/p>","protected":false},"excerpt":{"rendered":"<p>16 Chemisier en cr\u00eape de soie Momme en marine. Finition boutonn\u00e9e, drap\u00e9 doux et taille XL, XXL, 3XL, 4XL. Con\u00e7ue pour les garde-robes capsules.<\/p>","protected":false},"featured_media":1537,"template":"","meta":{"_gspb_post_css":""},"product_brand":[],"product_cat":[27],"product_tag":[804,805,803],"class_list":{"0":"post-886","1":"product","2":"type-product","3":"status-publish","4":"has-post-thumbnail","6":"product_cat-silk-shirts-blouses","7":"product_tag-16-momme-silk-blouse-navy","8":"product_tag-crepe-silk-blouse-button-down","9":"product_tag-manufacturer-silk-blouse-for-capsule-wardrobes","11":"first","12":"instock","13":"featured","14":"shipping-taxable","15":"purchasable","16":"product-type-simple"},"_links":{"self":[{"href":"https:\/\/silk-pajamas.com\/fr\/wp-json\/wp\/v2\/product\/886","targetHints":{"allow":["GET"]}}],"collection":[{"href":"https:\/\/silk-pajamas.com\/fr\/wp-json\/wp\/v2\/product"}],"about":[{"href":"https:\/\/silk-pajamas.com\/fr\/wp-json\/wp\/v2\/types\/product"}],"wp:featuredmedia":[{"embeddable":true,"href":"https:\/\/silk-pajamas.com\/fr\/wp-json\/wp\/v2\/media\/1537"}],"wp:attachment":[{"href":"https:\/\/silk-pajamas.com\/fr\/wp-json\/wp\/v2\/media?parent=886"}],"wp:term":[{"taxonomy":"product_brand","embeddable":true,"href":"https:\/\/silk-pajamas.com\/fr\/wp-json\/wp\/v2\/product_brand?post=886"},{"taxonomy":"product_cat","embeddable":true,"href":"https:\/\/silk-pajamas.com\/fr\/wp-json\/wp\/v2\/product_cat?post=886"},{"taxonomy":"product_tag","embeddable":true,"href":"https:\/\/silk-pajamas.com\/fr\/wp-json\/wp\/v2\/product_tag?post=886"}],"curies":[{"name":"wp","href":"https:\/\/api.w.org\/{rel}","templated":true}]}}