{"id":887,"date":"2026-04-12T15:43:39","date_gmt":"2026-04-12T15:43:39","guid":{"rendered":"https:\/\/silk-pajamas.com\/25-momme-mulberry-silk-blouse-bow-collar-leopard\/"},"modified":"2026-04-19T06:05:52","modified_gmt":"2026-04-19T06:05:52","slug":"25-momme-mulberry-silk-blouse-bow-collar-leopard","status":"publish","type":"product","link":"https:\/\/silk-pajamas.com\/fr\/25-momme-mulberry-silk-blouse-bow-collar-leopard\/","title":{"rendered":"25 Momme Mulberry Silk Blouse Bow Collar Leopard"},"content":{"rendered":"<p>Fabriqu\u00e9e en soie de m\u00fbrier de 25 mm, cette blouse en soie est infroissable, douce au toucher et \u00e9l\u00e9gante dans ses mouvements. Le col en forme de n\u0153ud et la couleur l\u00e9opard lui conf\u00e8rent une allure \u00e9l\u00e9gante pour les voyages. Disponible en version personnalis\u00e9e. Laver \u00e0 la main \u00e0 froid ou utiliser un cycle d\u00e9licat.<\/p>","protected":false},"excerpt":{"rendered":"<p>25 Momme Chemisier en soie de m\u00fbrier en l\u00e9opard. Finition col arrondi, toucher infroissable et taille sur mesure. Con\u00e7ue pour le voyage.<\/p>","protected":false},"featured_media":1445,"template":"","meta":{"_gspb_post_css":""},"product_brand":[],"product_cat":[27],"product_tag":[806,808,807],"class_list":{"0":"post-887","1":"product","2":"type-product","3":"status-publish","4":"has-post-thumbnail","6":"product_cat-silk-shirts-blouses","7":"product_tag-25-momme-silk-blouse-leopard","8":"product_tag-manufacturer-silk-blouse-for-travel-use","9":"product_tag-mulberry-silk-blouse-bow-collar","11":"first","12":"instock","13":"shipping-taxable","14":"purchasable","15":"product-type-simple"},"_links":{"self":[{"href":"https:\/\/silk-pajamas.com\/fr\/wp-json\/wp\/v2\/product\/887","targetHints":{"allow":["GET"]}}],"collection":[{"href":"https:\/\/silk-pajamas.com\/fr\/wp-json\/wp\/v2\/product"}],"about":[{"href":"https:\/\/silk-pajamas.com\/fr\/wp-json\/wp\/v2\/types\/product"}],"wp:featuredmedia":[{"embeddable":true,"href":"https:\/\/silk-pajamas.com\/fr\/wp-json\/wp\/v2\/media\/1445"}],"wp:attachment":[{"href":"https:\/\/silk-pajamas.com\/fr\/wp-json\/wp\/v2\/media?parent=887"}],"wp:term":[{"taxonomy":"product_brand","embeddable":true,"href":"https:\/\/silk-pajamas.com\/fr\/wp-json\/wp\/v2\/product_brand?post=887"},{"taxonomy":"product_cat","embeddable":true,"href":"https:\/\/silk-pajamas.com\/fr\/wp-json\/wp\/v2\/product_cat?post=887"},{"taxonomy":"product_tag","embeddable":true,"href":"https:\/\/silk-pajamas.com\/fr\/wp-json\/wp\/v2\/product_tag?post=887"}],"curies":[{"name":"wp","href":"https:\/\/api.w.org\/{rel}","templated":true}]}}