{"id":889,"date":"2026-04-12T15:43:39","date_gmt":"2026-04-12T15:43:39","guid":{"rendered":"https:\/\/silk-pajamas.com\/25-momme-charmeuse-silk-blouse-button-down-sage\/"},"modified":"2026-04-19T06:24:54","modified_gmt":"2026-04-19T06:24:54","slug":"25-momme-charmeuse-silk-blouse-button-down-sage","status":"publish","type":"product","link":"https:\/\/silk-pajamas.com\/fr\/25-momme-charmeuse-silk-blouse-button-down-sage\/","title":{"rendered":"25 Momme Charmeuse Silk Blouse Button Down Sage"},"content":{"rendered":"<p>Cette blouse en soie est r\u00e9alis\u00e9e en 25 momme charmeuse de soie dans un ton sage. Elle est boutonn\u00e9e, douce au toucher et d'un drap\u00e9 confortable pour les tenues de bureau. Ce mod\u00e8le convient aux tailles XS, S, M, L, XL et convient parfaitement aux tenues de printemps, aux cadeaux et au confort quotidien. Laver \u00e0 la main \u00e0 froid ou utiliser un cycle d\u00e9licat.<\/p>","protected":false},"excerpt":{"rendered":"<p>25 Chemisier en soie charmeuse de Momme, coloris sauge. Finition boutonn\u00e9e, l\u00e9g\u00e8ret\u00e9 et taille XS, S, M, L, XL. Con\u00e7ue pour les tenues de bureau.<\/p>","protected":false},"featured_media":1455,"template":"","meta":{"_gspb_post_css":""},"product_brand":[],"product_cat":[27],"product_tag":[812,813,814],"class_list":{"0":"post-889","1":"product","2":"type-product","3":"status-publish","4":"has-post-thumbnail","6":"product_cat-silk-shirts-blouses","7":"product_tag-25-momme-silk-blouse-sage","8":"product_tag-charmeuse-silk-blouse-button-down","9":"product_tag-manufacturer-silk-blouse-for-office-outfits","11":"first","12":"instock","13":"shipping-taxable","14":"purchasable","15":"product-type-simple"},"_links":{"self":[{"href":"https:\/\/silk-pajamas.com\/fr\/wp-json\/wp\/v2\/product\/889","targetHints":{"allow":["GET"]}}],"collection":[{"href":"https:\/\/silk-pajamas.com\/fr\/wp-json\/wp\/v2\/product"}],"about":[{"href":"https:\/\/silk-pajamas.com\/fr\/wp-json\/wp\/v2\/types\/product"}],"wp:featuredmedia":[{"embeddable":true,"href":"https:\/\/silk-pajamas.com\/fr\/wp-json\/wp\/v2\/media\/1455"}],"wp:attachment":[{"href":"https:\/\/silk-pajamas.com\/fr\/wp-json\/wp\/v2\/media?parent=889"}],"wp:term":[{"taxonomy":"product_brand","embeddable":true,"href":"https:\/\/silk-pajamas.com\/fr\/wp-json\/wp\/v2\/product_brand?post=889"},{"taxonomy":"product_cat","embeddable":true,"href":"https:\/\/silk-pajamas.com\/fr\/wp-json\/wp\/v2\/product_cat?post=889"},{"taxonomy":"product_tag","embeddable":true,"href":"https:\/\/silk-pajamas.com\/fr\/wp-json\/wp\/v2\/product_tag?post=889"}],"curies":[{"name":"wp","href":"https:\/\/api.w.org\/{rel}","templated":true}]}}