{"id":890,"date":"2026-04-12T15:43:39","date_gmt":"2026-04-12T15:43:39","guid":{"rendered":"https:\/\/silk-pajamas.com\/25-momme-mulberry-silk-shirt-long-sleeve-floral\/"},"modified":"2026-04-19T06:32:25","modified_gmt":"2026-04-19T06:32:25","slug":"25-momme-mulberry-silk-shirt-long-sleeve-floral","status":"publish","type":"product","link":"https:\/\/silk-pajamas.com\/fr\/25-momme-mulberry-silk-shirt-long-sleeve-floral\/","title":{"rendered":"25 Momme Mulberry Silk Shirt Long Sleeve Floral"},"content":{"rendered":"<p>Cette blouse en soie est r\u00e9alis\u00e9e en 25 momme de soie de m\u00fbrier dans un ton floral. Elle pr\u00e9sente des manches longues, un toucher doux et un drap\u00e9 confortable pour les garde-robes de type capsule. Ce mod\u00e8le convient aux tailles XL, XXL, 3XL et 4XL et convient parfaitement aux tenues d'automne, aux cadeaux et au confort quotidien. Laver \u00e0 la main \u00e0 froid ou utiliser un cycle d\u00e9licat.<\/p>","protected":false},"excerpt":{"rendered":"<p>25 Chemisier en soie Momme Mulberry \u00e0 motifs floraux. Manches longues, l\u00e9g\u00e8ret\u00e9 et tailles XL, XXL, 3XL, 4XL. Con\u00e7ue pour les garde-robes capsules.<\/p>","protected":false},"featured_media":1388,"template":"","meta":{"_gspb_post_css":""},"product_brand":[],"product_cat":[27],"product_tag":[815,803,816],"class_list":{"0":"post-890","1":"product","2":"type-product","3":"status-publish","4":"has-post-thumbnail","6":"product_cat-silk-shirts-blouses","7":"product_tag-25-momme-silk-blouse-floral","8":"product_tag-manufacturer-silk-blouse-for-capsule-wardrobes","9":"product_tag-mulberry-silk-blouse-long-sleeve","11":"first","12":"instock","13":"shipping-taxable","14":"purchasable","15":"product-type-simple"},"_links":{"self":[{"href":"https:\/\/silk-pajamas.com\/fr\/wp-json\/wp\/v2\/product\/890","targetHints":{"allow":["GET"]}}],"collection":[{"href":"https:\/\/silk-pajamas.com\/fr\/wp-json\/wp\/v2\/product"}],"about":[{"href":"https:\/\/silk-pajamas.com\/fr\/wp-json\/wp\/v2\/types\/product"}],"wp:featuredmedia":[{"embeddable":true,"href":"https:\/\/silk-pajamas.com\/fr\/wp-json\/wp\/v2\/media\/1388"}],"wp:attachment":[{"href":"https:\/\/silk-pajamas.com\/fr\/wp-json\/wp\/v2\/media?parent=890"}],"wp:term":[{"taxonomy":"product_brand","embeddable":true,"href":"https:\/\/silk-pajamas.com\/fr\/wp-json\/wp\/v2\/product_brand?post=890"},{"taxonomy":"product_cat","embeddable":true,"href":"https:\/\/silk-pajamas.com\/fr\/wp-json\/wp\/v2\/product_cat?post=890"},{"taxonomy":"product_tag","embeddable":true,"href":"https:\/\/silk-pajamas.com\/fr\/wp-json\/wp\/v2\/product_tag?post=890"}],"curies":[{"name":"wp","href":"https:\/\/api.w.org\/{rel}","templated":true}]}}