{"id":891,"date":"2026-04-12T15:43:39","date_gmt":"2026-04-12T15:43:39","guid":{"rendered":"https:\/\/silk-pajamas.com\/25-momme-crepe-silk-shirt-relaxed-fit-wine-supplier\/"},"modified":"2026-04-19T06:34:27","modified_gmt":"2026-04-19T06:34:27","slug":"25-momme-crepe-silk-shirt-relaxed-fit-wine-supplier","status":"publish","type":"product","link":"https:\/\/silk-pajamas.com\/fr\/25-momme-crepe-silk-shirt-relaxed-fit-wine-supplier\/","title":{"rendered":"25 Momme Crepe Silk Shirt Relaxed Fit Wine Supplier"},"content":{"rendered":"<p>Cette blouse en soie est r\u00e9alis\u00e9e \u00e0 partir de 25 cr\u00eapes de soie momme dans un ton lie-de-vin. Elle pr\u00e9sente une coupe d\u00e9contract\u00e9e, un toucher doux et un drap\u00e9 confortable pour les garde-robes de type capsule. Ce mod\u00e8le convient aux tailles Custom et convient parfaitement aux tenues d'automne, aux cadeaux et au confort quotidien. Laver \u00e0 la main \u00e0 froid ou utiliser un cycle d\u00e9licat.<\/p>","protected":false},"excerpt":{"rendered":"<p>25 Chemisier en cr\u00eape de soie Momme, coloris vin. Finition Relaxed Fit, toucher infroissable et taille sur mesure. Con\u00e7ue pour les garde-robes capsules.<\/p>","protected":false},"featured_media":1463,"template":"","meta":{"_gspb_post_css":""},"product_brand":[],"product_cat":[27],"product_tag":[817,818,797],"class_list":{"0":"post-891","1":"product","2":"type-product","3":"status-publish","4":"has-post-thumbnail","6":"product_cat-silk-shirts-blouses","7":"product_tag-25-momme-silk-blouse-wine","8":"product_tag-crepe-silk-blouse-relaxed-fit","9":"product_tag-wholesale-silk-blouse-for-capsule-wardrobes","11":"first","12":"instock","13":"featured","14":"shipping-taxable","15":"purchasable","16":"product-type-simple"},"_links":{"self":[{"href":"https:\/\/silk-pajamas.com\/fr\/wp-json\/wp\/v2\/product\/891","targetHints":{"allow":["GET"]}}],"collection":[{"href":"https:\/\/silk-pajamas.com\/fr\/wp-json\/wp\/v2\/product"}],"about":[{"href":"https:\/\/silk-pajamas.com\/fr\/wp-json\/wp\/v2\/types\/product"}],"wp:featuredmedia":[{"embeddable":true,"href":"https:\/\/silk-pajamas.com\/fr\/wp-json\/wp\/v2\/media\/1463"}],"wp:attachment":[{"href":"https:\/\/silk-pajamas.com\/fr\/wp-json\/wp\/v2\/media?parent=891"}],"wp:term":[{"taxonomy":"product_brand","embeddable":true,"href":"https:\/\/silk-pajamas.com\/fr\/wp-json\/wp\/v2\/product_brand?post=891"},{"taxonomy":"product_cat","embeddable":true,"href":"https:\/\/silk-pajamas.com\/fr\/wp-json\/wp\/v2\/product_cat?post=891"},{"taxonomy":"product_tag","embeddable":true,"href":"https:\/\/silk-pajamas.com\/fr\/wp-json\/wp\/v2\/product_tag?post=891"}],"curies":[{"name":"wp","href":"https:\/\/api.w.org\/{rel}","templated":true}]}}