{"id":896,"date":"2026-04-12T15:43:40","date_gmt":"2026-04-12T15:43:40","guid":{"rendered":"https:\/\/silk-pajamas.com\/16-momme-sandwashed-silk-shirt-relaxed-fit-blush\/"},"modified":"2026-04-19T03:02:51","modified_gmt":"2026-04-19T03:02:51","slug":"16-momme-sandwashed-silk-shirt-relaxed-fit-blush","status":"publish","type":"product","link":"https:\/\/silk-pajamas.com\/fr\/16-momme-sandwashed-silk-shirt-relaxed-fit-blush\/","title":{"rendered":"16 Momme Sandwashed Silk Shirt Relaxed Fit Blush"},"content":{"rendered":"<p>Cette blouse en soie est r\u00e9alis\u00e9e en 16 momme de soie sabl\u00e9e dans un ton blush. Elle pr\u00e9sente une coupe d\u00e9contract\u00e9e, un toucher doux et un drap\u00e9 confortable pour les tenues de bureau. Ce mod\u00e8le convient aux tailles S, M, L, XL, XXL et convient parfaitement aux tenues de printemps, aux cadeaux et au confort quotidien. Laver \u00e0 la main \u00e0 froid ou utiliser un cycle d\u00e9licat.<\/p>","protected":false},"excerpt":{"rendered":"<p>16 Chemisier en soie Momme Sandwashed en Blush. Finition Relaxed Fit, sensation de respirabilit\u00e9 et tailles S, M, L, XL, XXL. Con\u00e7ue pour les tenues de bureau.<\/p>","protected":false},"featured_media":1391,"template":"","meta":{"_gspb_post_css":""},"product_brand":[],"product_cat":[27],"product_tag":[825,824,826],"class_list":{"0":"post-896","1":"product","2":"type-product","3":"status-publish","4":"has-post-thumbnail","6":"product_cat-silk-shirts-blouses","7":"product_tag-16-momme-silk-blouse-blush","8":"product_tag-sandwashed-silk-blouse-relaxed-fit","9":"product_tag-wholesale-silk-blouse-for-office-outfits","11":"first","12":"instock","13":"featured","14":"shipping-taxable","15":"purchasable","16":"product-type-simple"},"_links":{"self":[{"href":"https:\/\/silk-pajamas.com\/fr\/wp-json\/wp\/v2\/product\/896","targetHints":{"allow":["GET"]}}],"collection":[{"href":"https:\/\/silk-pajamas.com\/fr\/wp-json\/wp\/v2\/product"}],"about":[{"href":"https:\/\/silk-pajamas.com\/fr\/wp-json\/wp\/v2\/types\/product"}],"wp:featuredmedia":[{"embeddable":true,"href":"https:\/\/silk-pajamas.com\/fr\/wp-json\/wp\/v2\/media\/1391"}],"wp:attachment":[{"href":"https:\/\/silk-pajamas.com\/fr\/wp-json\/wp\/v2\/media?parent=896"}],"wp:term":[{"taxonomy":"product_brand","embeddable":true,"href":"https:\/\/silk-pajamas.com\/fr\/wp-json\/wp\/v2\/product_brand?post=896"},{"taxonomy":"product_cat","embeddable":true,"href":"https:\/\/silk-pajamas.com\/fr\/wp-json\/wp\/v2\/product_cat?post=896"},{"taxonomy":"product_tag","embeddable":true,"href":"https:\/\/silk-pajamas.com\/fr\/wp-json\/wp\/v2\/product_tag?post=896"}],"curies":[{"name":"wp","href":"https:\/\/api.w.org\/{rel}","templated":true}]}}