{"id":899,"date":"2026-04-12T15:43:40","date_gmt":"2026-04-12T15:43:40","guid":{"rendered":"https:\/\/silk-pajamas.com\/19-momme-charmeuse-mulberry-silk-blouse-relaxed-fit-sage\/"},"modified":"2026-04-19T03:06:03","modified_gmt":"2026-04-19T03:06:03","slug":"19-momme-charmeuse-mulberry-silk-blouse-relaxed-fit-sage","status":"publish","type":"product","link":"https:\/\/silk-pajamas.com\/fr\/19-momme-charmeuse-mulberry-silk-blouse-relaxed-fit-sage\/","title":{"rendered":"19 Momme Charmeuse Mulberry Silk Blouse Relaxed Fit Sage"},"content":{"rendered":"<p>R\u00e9alis\u00e9e en soie charmeuse 19 momme, cette blouse en soie est infroissable, douce au toucher et \u00e9l\u00e9gante au niveau du mouvement. Sa coupe d\u00e9contract\u00e9e et sa couleur sauge lui conf\u00e8rent un look raffin\u00e9 pour les garde-robes de type capsule. Disponible en XS, S, M, L, XL. Laver \u00e0 la main \u00e0 froid ou utiliser un cycle d\u00e9licat.<\/p>","protected":false},"excerpt":{"rendered":"<p>19 Chemisier en soie Charmeuse de Momme, coloris Sage. Finition Relaxed Fit, toucher infroissable et gamme de tailles XS, S, M, L, XL. Con\u00e7ue pour les garde-robes capsules.<\/p>","protected":false},"featured_media":1398,"template":"","meta":{"_gspb_post_css":""},"product_brand":[],"product_cat":[27],"product_tag":[830,820,803],"class_list":{"0":"post-899","1":"product","2":"type-product","3":"status-publish","4":"has-post-thumbnail","6":"product_cat-silk-shirts-blouses","7":"product_tag-19-momme-silk-blouse-sage","8":"product_tag-charmeuse-silk-blouse-relaxed-fit","9":"product_tag-manufacturer-silk-blouse-for-capsule-wardrobes","11":"first","12":"instock","13":"shipping-taxable","14":"purchasable","15":"product-type-simple"},"_links":{"self":[{"href":"https:\/\/silk-pajamas.com\/fr\/wp-json\/wp\/v2\/product\/899","targetHints":{"allow":["GET"]}}],"collection":[{"href":"https:\/\/silk-pajamas.com\/fr\/wp-json\/wp\/v2\/product"}],"about":[{"href":"https:\/\/silk-pajamas.com\/fr\/wp-json\/wp\/v2\/types\/product"}],"wp:featuredmedia":[{"embeddable":true,"href":"https:\/\/silk-pajamas.com\/fr\/wp-json\/wp\/v2\/media\/1398"}],"wp:attachment":[{"href":"https:\/\/silk-pajamas.com\/fr\/wp-json\/wp\/v2\/media?parent=899"}],"wp:term":[{"taxonomy":"product_brand","embeddable":true,"href":"https:\/\/silk-pajamas.com\/fr\/wp-json\/wp\/v2\/product_brand?post=899"},{"taxonomy":"product_cat","embeddable":true,"href":"https:\/\/silk-pajamas.com\/fr\/wp-json\/wp\/v2\/product_cat?post=899"},{"taxonomy":"product_tag","embeddable":true,"href":"https:\/\/silk-pajamas.com\/fr\/wp-json\/wp\/v2\/product_tag?post=899"}],"curies":[{"name":"wp","href":"https:\/\/api.w.org\/{rel}","templated":true}]}}