{"id":903,"date":"2026-04-12T15:43:40","date_gmt":"2026-04-12T15:43:40","guid":{"rendered":"https:\/\/silk-pajamas.com\/16-momme-crepe-silk-skirt-slip-sage-factory\/"},"modified":"2026-04-19T03:14:12","modified_gmt":"2026-04-19T03:14:12","slug":"16-momme-crepe-silk-skirt-slip-sage-factory","status":"publish","type":"product","link":"https:\/\/silk-pajamas.com\/fr\/16-momme-crepe-silk-skirt-slip-sage-factory\/","title":{"rendered":"16 Momme Crepe Silk Skirt Slip Sage Factory"},"content":{"rendered":"<p>Cette jupe en soie est r\u00e9alis\u00e9e en cr\u00eape de soie 16 momme dans un ton sage. Elle pr\u00e9sente un effet glissant, un toucher doux et un drap\u00e9 confortable pour les tenues de bureau. Ce mod\u00e8le convient aux tailles XL, XXL, 3XL et 4XL et convient parfaitement \u00e0 toutes les saisons, aux cadeaux et au confort quotidien. Laver \u00e0 la main \u00e0 froid ou utiliser un cycle d\u00e9licat.<\/p>","protected":false},"excerpt":{"rendered":"<p>16 Jupe en cr\u00eape de soie Momme en Sage. Finition gliss\u00e9e, l\u00e9g\u00e8ret\u00e9 et taille XL, XXL, 3XL, 4XL. Con\u00e7ue pour les tenues de bureau.<\/p>","protected":false},"featured_media":1422,"template":"","meta":{"_gspb_post_css":""},"product_brand":[],"product_cat":[32],"product_tag":[836,837,838],"class_list":{"0":"post-903","1":"product","2":"type-product","3":"status-publish","4":"has-post-thumbnail","6":"product_cat-silk-skirts","7":"product_tag-16-momme-silk-skirt-sage","8":"product_tag-crepe-silk-skirt-slip","9":"product_tag-supplier-silk-skirt-for-office-outfits","11":"first","12":"instock","13":"shipping-taxable","14":"purchasable","15":"product-type-simple"},"_links":{"self":[{"href":"https:\/\/silk-pajamas.com\/fr\/wp-json\/wp\/v2\/product\/903","targetHints":{"allow":["GET"]}}],"collection":[{"href":"https:\/\/silk-pajamas.com\/fr\/wp-json\/wp\/v2\/product"}],"about":[{"href":"https:\/\/silk-pajamas.com\/fr\/wp-json\/wp\/v2\/types\/product"}],"wp:featuredmedia":[{"embeddable":true,"href":"https:\/\/silk-pajamas.com\/fr\/wp-json\/wp\/v2\/media\/1422"}],"wp:attachment":[{"href":"https:\/\/silk-pajamas.com\/fr\/wp-json\/wp\/v2\/media?parent=903"}],"wp:term":[{"taxonomy":"product_brand","embeddable":true,"href":"https:\/\/silk-pajamas.com\/fr\/wp-json\/wp\/v2\/product_brand?post=903"},{"taxonomy":"product_cat","embeddable":true,"href":"https:\/\/silk-pajamas.com\/fr\/wp-json\/wp\/v2\/product_cat?post=903"},{"taxonomy":"product_tag","embeddable":true,"href":"https:\/\/silk-pajamas.com\/fr\/wp-json\/wp\/v2\/product_tag?post=903"}],"curies":[{"name":"wp","href":"https:\/\/api.w.org\/{rel}","templated":true}]}}