{"id":904,"date":"2026-04-12T15:43:40","date_gmt":"2026-04-12T15:43:40","guid":{"rendered":"https:\/\/silk-pajamas.com\/25-momme-crepe-silk-skirt-bias-cut-sage-wholesale\/"},"modified":"2026-04-19T03:18:36","modified_gmt":"2026-04-19T03:18:36","slug":"25-momme-crepe-silk-skirt-bias-cut-sage-wholesale","status":"publish","type":"product","link":"https:\/\/silk-pajamas.com\/fr\/25-momme-crepe-silk-skirt-bias-cut-sage-wholesale\/","title":{"rendered":"25 Momme Crepe Silk Skirt Bias Cut Sage Wholesale"},"content":{"rendered":"<p>Confectionn\u00e9e en cr\u00eape de soie 25 momme, cette jupe en soie associe une coupe en biais \u00e0 une brillance douce et \u00e0 un toucher respirant. La finition sage lui conf\u00e8re une allure raffin\u00e9e, tandis que les tailles S, M, L, XL, XXL permettent de couvrir les besoins essentiels. Convient aux tenues de bureau et aux garde-robes de printemps. Laver \u00e0 la main \u00e0 froid ou utiliser un cycle d\u00e9licat.<\/p>","protected":false},"excerpt":{"rendered":"<p>25 Jupe en cr\u00eape de soie Momme, coloris Sage. Finition Bias Cut, drap\u00e9 doux et taille S, M, L, XL, XXL. Con\u00e7ue pour les tenues de bureau.<\/p>","protected":false},"featured_media":1434,"template":"","meta":{"_gspb_post_css":""},"product_brand":[],"product_cat":[32],"product_tag":[839,840,838],"class_list":{"0":"post-904","1":"product","2":"type-product","3":"status-publish","4":"has-post-thumbnail","6":"product_cat-silk-skirts","7":"product_tag-25-momme-silk-skirt-sage","8":"product_tag-crepe-silk-skirt-bias-cut","9":"product_tag-supplier-silk-skirt-for-office-outfits","11":"first","12":"instock","13":"shipping-taxable","14":"purchasable","15":"product-type-simple"},"_links":{"self":[{"href":"https:\/\/silk-pajamas.com\/fr\/wp-json\/wp\/v2\/product\/904","targetHints":{"allow":["GET"]}}],"collection":[{"href":"https:\/\/silk-pajamas.com\/fr\/wp-json\/wp\/v2\/product"}],"about":[{"href":"https:\/\/silk-pajamas.com\/fr\/wp-json\/wp\/v2\/types\/product"}],"wp:featuredmedia":[{"embeddable":true,"href":"https:\/\/silk-pajamas.com\/fr\/wp-json\/wp\/v2\/media\/1434"}],"wp:attachment":[{"href":"https:\/\/silk-pajamas.com\/fr\/wp-json\/wp\/v2\/media?parent=904"}],"wp:term":[{"taxonomy":"product_brand","embeddable":true,"href":"https:\/\/silk-pajamas.com\/fr\/wp-json\/wp\/v2\/product_brand?post=904"},{"taxonomy":"product_cat","embeddable":true,"href":"https:\/\/silk-pajamas.com\/fr\/wp-json\/wp\/v2\/product_cat?post=904"},{"taxonomy":"product_tag","embeddable":true,"href":"https:\/\/silk-pajamas.com\/fr\/wp-json\/wp\/v2\/product_tag?post=904"}],"curies":[{"name":"wp","href":"https:\/\/api.w.org\/{rel}","templated":true}]}}