{"id":906,"date":"2026-04-12T15:43:40","date_gmt":"2026-04-12T15:43:40","guid":{"rendered":"https:\/\/silk-pajamas.com\/22-momme-sandwashed-mulberry-silk-skirt-a-line-rose\/"},"modified":"2026-04-19T06:22:17","modified_gmt":"2026-04-19T06:22:17","slug":"22-momme-sandwashed-mulberry-silk-skirt-a-line-rose","status":"publish","type":"product","link":"https:\/\/silk-pajamas.com\/fr\/22-momme-sandwashed-mulberry-silk-skirt-a-line-rose\/","title":{"rendered":"22 Momme Sandwashed Mulberry Silk Skirt A Line Rose"},"content":{"rendered":"<p>Confectionn\u00e9e en soie chin\u00e9e 22 momme, cette jupe en soie allie le d\u00e9tail d'une ligne \u00e0 une douce brillance et \u00e0 une sensation de respirabilit\u00e9. La finition rose lui conf\u00e8re une allure raffin\u00e9e, tandis que les tailles Custom permettent de couvrir les besoins essentiels. Convient aux femmes et \u00e0 la garde-robe d'\u00e9t\u00e9. Laver \u00e0 la main \u00e0 froid ou utiliser un cycle d\u00e9licat.<\/p>","protected":false},"excerpt":{"rendered":"<p>22 Momme Sandwashed jupe en soie rose. Une finition Line, un toucher doux et une gamme de taille sur mesure. Con\u00e7ue pour les femmes.<\/p>","protected":false},"featured_media":1451,"template":"","meta":{"_gspb_post_css":""},"product_brand":[],"product_cat":[32],"product_tag":[844,846,845],"class_list":{"0":"post-906","1":"product","2":"type-product","3":"status-publish","4":"has-post-thumbnail","6":"product_cat-silk-skirts","7":"product_tag-22-momme-silk-skirt-rose","8":"product_tag-manufacturer-silk-skirt-for-women","9":"product_tag-sandwashed-silk-skirt-a-line","11":"first","12":"instock","13":"shipping-taxable","14":"purchasable","15":"product-type-simple"},"_links":{"self":[{"href":"https:\/\/silk-pajamas.com\/fr\/wp-json\/wp\/v2\/product\/906","targetHints":{"allow":["GET"]}}],"collection":[{"href":"https:\/\/silk-pajamas.com\/fr\/wp-json\/wp\/v2\/product"}],"about":[{"href":"https:\/\/silk-pajamas.com\/fr\/wp-json\/wp\/v2\/types\/product"}],"wp:featuredmedia":[{"embeddable":true,"href":"https:\/\/silk-pajamas.com\/fr\/wp-json\/wp\/v2\/media\/1451"}],"wp:attachment":[{"href":"https:\/\/silk-pajamas.com\/fr\/wp-json\/wp\/v2\/media?parent=906"}],"wp:term":[{"taxonomy":"product_brand","embeddable":true,"href":"https:\/\/silk-pajamas.com\/fr\/wp-json\/wp\/v2\/product_brand?post=906"},{"taxonomy":"product_cat","embeddable":true,"href":"https:\/\/silk-pajamas.com\/fr\/wp-json\/wp\/v2\/product_cat?post=906"},{"taxonomy":"product_tag","embeddable":true,"href":"https:\/\/silk-pajamas.com\/fr\/wp-json\/wp\/v2\/product_tag?post=906"}],"curies":[{"name":"wp","href":"https:\/\/api.w.org\/{rel}","templated":true}]}}