{"id":909,"date":"2026-04-12T15:43:41","date_gmt":"2026-04-12T15:43:41","guid":{"rendered":"https:\/\/silk-pajamas.com\/25-momme-crepe-mulberry-silk-skirt-maxi-floral\/"},"modified":"2026-04-17T03:50:55","modified_gmt":"2026-04-17T03:50:55","slug":"25-momme-crepe-mulberry-silk-skirt-maxi-floral","status":"publish","type":"product","link":"https:\/\/silk-pajamas.com\/fr\/25-momme-crepe-mulberry-silk-skirt-maxi-floral\/","title":{"rendered":"25 Momme Crepe Mulberry Silk Skirt Maxi Floral"},"content":{"rendered":"<p>Confectionn\u00e9e en cr\u00eape de soie 25 mm, cette jupe en soie est thermor\u00e9gulatrice, douce au toucher et \u00e9l\u00e9gante au niveau du mouvement. La construction maxi et la couleur florale lui conf\u00e8rent une allure \u00e9l\u00e9gante pour les soir\u00e9es. Disponible en S, M, L, XL, XXL. Laver \u00e0 la main \u00e0 froid ou utiliser un cycle d\u00e9licat.<\/p>","protected":false},"excerpt":{"rendered":"<p>25 Momme jupe en cr\u00eape de soie, coloris floral. Finition maxi, toucher thermor\u00e9gulateur et tailles S, M, L, XL, XXL. Con\u00e7ue pour les soir\u00e9es.<\/p>","protected":false},"featured_media":1345,"template":"","meta":{"_gspb_post_css":""},"product_brand":[],"product_cat":[32],"product_tag":[852,853,843],"class_list":{"0":"post-909","1":"product","2":"type-product","3":"status-publish","4":"has-post-thumbnail","6":"product_cat-silk-skirts","7":"product_tag-25-momme-silk-skirt-floral","8":"product_tag-crepe-silk-skirt-maxi","9":"product_tag-vendor-silk-skirt-for-party-edits","11":"first","12":"instock","13":"shipping-taxable","14":"purchasable","15":"product-type-simple"},"_links":{"self":[{"href":"https:\/\/silk-pajamas.com\/fr\/wp-json\/wp\/v2\/product\/909","targetHints":{"allow":["GET"]}}],"collection":[{"href":"https:\/\/silk-pajamas.com\/fr\/wp-json\/wp\/v2\/product"}],"about":[{"href":"https:\/\/silk-pajamas.com\/fr\/wp-json\/wp\/v2\/types\/product"}],"wp:featuredmedia":[{"embeddable":true,"href":"https:\/\/silk-pajamas.com\/fr\/wp-json\/wp\/v2\/media\/1345"}],"wp:attachment":[{"href":"https:\/\/silk-pajamas.com\/fr\/wp-json\/wp\/v2\/media?parent=909"}],"wp:term":[{"taxonomy":"product_brand","embeddable":true,"href":"https:\/\/silk-pajamas.com\/fr\/wp-json\/wp\/v2\/product_brand?post=909"},{"taxonomy":"product_cat","embeddable":true,"href":"https:\/\/silk-pajamas.com\/fr\/wp-json\/wp\/v2\/product_cat?post=909"},{"taxonomy":"product_tag","embeddable":true,"href":"https:\/\/silk-pajamas.com\/fr\/wp-json\/wp\/v2\/product_tag?post=909"}],"curies":[{"name":"wp","href":"https:\/\/api.w.org\/{rel}","templated":true}]}}