{"id":910,"date":"2026-04-12T15:43:41","date_gmt":"2026-04-12T15:43:41","guid":{"rendered":"https:\/\/silk-pajamas.com\/16-momme-sandwashed-silk-skirt-slip-rose-factory\/"},"modified":"2026-04-18T06:12:17","modified_gmt":"2026-04-18T06:12:17","slug":"16-momme-sandwashed-silk-skirt-slip-rose-factory","status":"publish","type":"product","link":"https:\/\/silk-pajamas.com\/fr\/16-momme-sandwashed-silk-skirt-slip-rose-factory\/","title":{"rendered":"16 Momme Sandwashed Silk Skirt Slip Rose Factory"},"content":{"rendered":"<p>Confectionn\u00e9e en 16 mommes de soie lav\u00e9e, cette jupe en soie offre un toucher doux, une sensation de douceur sur la peau et un mouvement \u00e9l\u00e9gant. La construction en glissement et la couleur rose permettent aux femmes de rester \u00e9l\u00e9gantes. Disponible en S, M, L, XL, XXL. Laver \u00e0 la main \u00e0 froid ou utiliser un cycle d\u00e9licat.<\/p>","protected":false},"excerpt":{"rendered":"<p>16 Momme Sandwashed silk silk skirt in Rose. Finition gliss\u00e9e, toucher doux et tailles S, M, L, XL, XXL. Con\u00e7ue pour la femme.<\/p>","protected":false},"featured_media":1348,"template":"","meta":{"_gspb_post_css":""},"product_brand":[],"product_cat":[32],"product_tag":[854,855,856],"class_list":{"0":"post-910","1":"product","2":"type-product","3":"status-publish","4":"has-post-thumbnail","6":"product_cat-silk-skirts","7":"product_tag-16-momme-silk-skirt-rose","8":"product_tag-sandwashed-silk-skirt-slip","9":"product_tag-supplier-silk-skirt-for-women","11":"first","12":"instock","13":"shipping-taxable","14":"purchasable","15":"product-type-simple"},"_links":{"self":[{"href":"https:\/\/silk-pajamas.com\/fr\/wp-json\/wp\/v2\/product\/910","targetHints":{"allow":["GET"]}}],"collection":[{"href":"https:\/\/silk-pajamas.com\/fr\/wp-json\/wp\/v2\/product"}],"about":[{"href":"https:\/\/silk-pajamas.com\/fr\/wp-json\/wp\/v2\/types\/product"}],"wp:featuredmedia":[{"embeddable":true,"href":"https:\/\/silk-pajamas.com\/fr\/wp-json\/wp\/v2\/media\/1348"}],"wp:attachment":[{"href":"https:\/\/silk-pajamas.com\/fr\/wp-json\/wp\/v2\/media?parent=910"}],"wp:term":[{"taxonomy":"product_brand","embeddable":true,"href":"https:\/\/silk-pajamas.com\/fr\/wp-json\/wp\/v2\/product_brand?post=910"},{"taxonomy":"product_cat","embeddable":true,"href":"https:\/\/silk-pajamas.com\/fr\/wp-json\/wp\/v2\/product_cat?post=910"},{"taxonomy":"product_tag","embeddable":true,"href":"https:\/\/silk-pajamas.com\/fr\/wp-json\/wp\/v2\/product_tag?post=910"}],"curies":[{"name":"wp","href":"https:\/\/api.w.org\/{rel}","templated":true}]}}