{"id":911,"date":"2026-04-12T15:43:41","date_gmt":"2026-04-12T15:43:41","guid":{"rendered":"https:\/\/silk-pajamas.com\/22-momme-mulberry-silk-skirt-maxi-wine-vendor\/"},"modified":"2026-05-06T02:50:47","modified_gmt":"2026-05-06T02:50:47","slug":"22-momme-mulberry-silk-skirt-maxi-wine-vendor","status":"publish","type":"product","link":"https:\/\/silk-pajamas.com\/fr\/22-momme-mulberry-silk-skirt-maxi-wine-vendor\/","title":{"rendered":"22 Momme Mulberry Silk Skirt Maxi Wine Vendor"},"content":{"rendered":"<p>Cette jupe en soie est fabriqu\u00e9e \u00e0 partir de 22 momme de soie de m\u00fbrier dans un ton de vin. Elle se caract\u00e9rise par une coupe maxi, un toucher doux et un drap\u00e9 confortable pour les soir\u00e9es. Ce mod\u00e8le convient aux tailles XS, S, M, L, XL et se porte en toute saison, pour les cadeaux et pour le confort quotidien. Laver \u00e0 la main \u00e0 froid ou utiliser un cycle d\u00e9licat.<\/p>","protected":false},"excerpt":{"rendered":"<p>22 Momme Mulberry, jupe en soie de couleur vin. Finition maxi, toucher doux et taille XS, S, M, L, XL. Con\u00e7ue pour les soir\u00e9es.<\/p>","protected":false},"featured_media":1714,"template":"","meta":{"_gspb_post_css":""},"product_brand":[],"product_cat":[32],"product_tag":[857,859,858],"class_list":{"0":"post-911","1":"product","2":"type-product","3":"status-publish","4":"has-post-thumbnail","6":"product_cat-silk-skirts","7":"product_tag-22-momme-silk-skirt-wine","8":"product_tag-manufacturer-silk-skirt-for-party-edits","9":"product_tag-mulberry-silk-skirt-maxi","11":"first","12":"instock","13":"shipping-taxable","14":"purchasable","15":"product-type-simple"},"_links":{"self":[{"href":"https:\/\/silk-pajamas.com\/fr\/wp-json\/wp\/v2\/product\/911","targetHints":{"allow":["GET"]}}],"collection":[{"href":"https:\/\/silk-pajamas.com\/fr\/wp-json\/wp\/v2\/product"}],"about":[{"href":"https:\/\/silk-pajamas.com\/fr\/wp-json\/wp\/v2\/types\/product"}],"wp:featuredmedia":[{"embeddable":true,"href":"https:\/\/silk-pajamas.com\/fr\/wp-json\/wp\/v2\/media\/1714"}],"wp:attachment":[{"href":"https:\/\/silk-pajamas.com\/fr\/wp-json\/wp\/v2\/media?parent=911"}],"wp:term":[{"taxonomy":"product_brand","embeddable":true,"href":"https:\/\/silk-pajamas.com\/fr\/wp-json\/wp\/v2\/product_brand?post=911"},{"taxonomy":"product_cat","embeddable":true,"href":"https:\/\/silk-pajamas.com\/fr\/wp-json\/wp\/v2\/product_cat?post=911"},{"taxonomy":"product_tag","embeddable":true,"href":"https:\/\/silk-pajamas.com\/fr\/wp-json\/wp\/v2\/product_tag?post=911"}],"curies":[{"name":"wp","href":"https:\/\/api.w.org\/{rel}","templated":true}]}}