{"id":913,"date":"2026-04-12T15:43:41","date_gmt":"2026-04-12T15:43:41","guid":{"rendered":"https:\/\/silk-pajamas.com\/19-momme-mulberry-silk-skirt-maxi-pearl-manufacturer\/"},"modified":"2026-04-18T06:15:09","modified_gmt":"2026-04-18T06:15:09","slug":"19-momme-mulberry-silk-skirt-maxi-pearl-manufacturer","status":"publish","type":"product","link":"https:\/\/silk-pajamas.com\/fr\/19-momme-mulberry-silk-skirt-maxi-pearl-manufacturer\/","title":{"rendered":"19 Momme Mulberry Silk Skirt Maxi Pearl Manufacturer"},"content":{"rendered":"<p>Cette jupe en soie est fabriqu\u00e9e \u00e0 partir de 19 momme de soie de m\u00fbrier dans un ton perl\u00e9. Elle se caract\u00e9rise par un maxi, un toucher doux et un drap\u00e9 confortable pour les garde-robes de type capsule. Ce mod\u00e8le convient aux tailles XL, XXL, 3XL, 4XL et convient parfaitement aux tenues d'\u00e9t\u00e9, aux cadeaux et au confort quotidien. Laver \u00e0 la main \u00e0 froid ou utiliser un cycle d\u00e9licat.<\/p>","protected":false},"excerpt":{"rendered":"<p>19 Momme Mulberry soie soie jupe en perle. Finition maxi, drap\u00e9 doux et gamme de tailles XL, XXL, 3XL, 4XL. Con\u00e7ue pour les garde-robes capsules.<\/p>","protected":false},"featured_media":1361,"template":"","meta":{"_gspb_post_css":""},"product_brand":[],"product_cat":[32],"product_tag":[863,858,862],"class_list":{"0":"post-913","1":"product","2":"type-product","3":"status-publish","4":"has-post-thumbnail","6":"product_cat-silk-skirts","7":"product_tag-19-momme-silk-skirt-pearl","8":"product_tag-mulberry-silk-skirt-maxi","9":"product_tag-wholesale-silk-skirt-for-capsule-wardrobes","11":"first","12":"instock","13":"shipping-taxable","14":"purchasable","15":"product-type-simple"},"_links":{"self":[{"href":"https:\/\/silk-pajamas.com\/fr\/wp-json\/wp\/v2\/product\/913","targetHints":{"allow":["GET"]}}],"collection":[{"href":"https:\/\/silk-pajamas.com\/fr\/wp-json\/wp\/v2\/product"}],"about":[{"href":"https:\/\/silk-pajamas.com\/fr\/wp-json\/wp\/v2\/types\/product"}],"wp:featuredmedia":[{"embeddable":true,"href":"https:\/\/silk-pajamas.com\/fr\/wp-json\/wp\/v2\/media\/1361"}],"wp:attachment":[{"href":"https:\/\/silk-pajamas.com\/fr\/wp-json\/wp\/v2\/media?parent=913"}],"wp:term":[{"taxonomy":"product_brand","embeddable":true,"href":"https:\/\/silk-pajamas.com\/fr\/wp-json\/wp\/v2\/product_brand?post=913"},{"taxonomy":"product_cat","embeddable":true,"href":"https:\/\/silk-pajamas.com\/fr\/wp-json\/wp\/v2\/product_cat?post=913"},{"taxonomy":"product_tag","embeddable":true,"href":"https:\/\/silk-pajamas.com\/fr\/wp-json\/wp\/v2\/product_tag?post=913"}],"curies":[{"name":"wp","href":"https:\/\/api.w.org\/{rel}","templated":true}]}}