{"id":914,"date":"2026-04-12T15:43:41","date_gmt":"2026-04-12T15:43:41","guid":{"rendered":"https:\/\/silk-pajamas.com\/16-momme-mulberry-silk-skirt-slip-rose-supplier\/"},"modified":"2026-04-18T06:20:15","modified_gmt":"2026-04-18T06:20:15","slug":"16-momme-mulberry-silk-skirt-slip-rose-supplier","status":"publish","type":"product","link":"https:\/\/silk-pajamas.com\/fr\/16-momme-mulberry-silk-skirt-slip-rose-supplier\/","title":{"rendered":"16 Momme Mulberry Silk Skirt Slip Rose Supplier"},"content":{"rendered":"<p>Fabriqu\u00e9e en soie de m\u00fbrier 16 momme, cette jupe en soie est infroissable, douce au toucher et \u00e9l\u00e9gante au niveau du mouvement. La construction en glissement et la couleur rose lui conf\u00e8rent une allure \u00e9l\u00e9gante pour les tenues de bureau. Disponible en XL, XXL, 3XL, 4XL. Laver \u00e0 la main \u00e0 froid ou utiliser un cycle d\u00e9licat.<\/p>","protected":false},"excerpt":{"rendered":"<p>16 Momme Mulberry soie soie jupe en Rose. Finition glissante, toucher infroissable et tailles XL, XXL, 3XL, 4XL. Con\u00e7ue pour les tenues de bureau.<\/p>","protected":false},"featured_media":1369,"template":"","meta":{"_gspb_post_css":""},"product_brand":[],"product_cat":[32],"product_tag":[854,864,865],"class_list":{"0":"post-914","1":"product","2":"type-product","3":"status-publish","4":"has-post-thumbnail","6":"product_cat-silk-skirts","7":"product_tag-16-momme-silk-skirt-rose","8":"product_tag-mulberry-silk-skirt-slip","9":"product_tag-vendor-silk-skirt-for-office-outfits","11":"first","12":"instock","13":"shipping-taxable","14":"purchasable","15":"product-type-simple"},"_links":{"self":[{"href":"https:\/\/silk-pajamas.com\/fr\/wp-json\/wp\/v2\/product\/914","targetHints":{"allow":["GET"]}}],"collection":[{"href":"https:\/\/silk-pajamas.com\/fr\/wp-json\/wp\/v2\/product"}],"about":[{"href":"https:\/\/silk-pajamas.com\/fr\/wp-json\/wp\/v2\/types\/product"}],"wp:featuredmedia":[{"embeddable":true,"href":"https:\/\/silk-pajamas.com\/fr\/wp-json\/wp\/v2\/media\/1369"}],"wp:attachment":[{"href":"https:\/\/silk-pajamas.com\/fr\/wp-json\/wp\/v2\/media?parent=914"}],"wp:term":[{"taxonomy":"product_brand","embeddable":true,"href":"https:\/\/silk-pajamas.com\/fr\/wp-json\/wp\/v2\/product_brand?post=914"},{"taxonomy":"product_cat","embeddable":true,"href":"https:\/\/silk-pajamas.com\/fr\/wp-json\/wp\/v2\/product_cat?post=914"},{"taxonomy":"product_tag","embeddable":true,"href":"https:\/\/silk-pajamas.com\/fr\/wp-json\/wp\/v2\/product_tag?post=914"}],"curies":[{"name":"wp","href":"https:\/\/api.w.org\/{rel}","templated":true}]}}