{"id":917,"date":"2026-04-12T15:43:41","date_gmt":"2026-04-12T15:43:41","guid":{"rendered":"https:\/\/silk-pajamas.com\/19-momme-mulberry-silk-skirt-bias-cut-rose\/"},"modified":"2026-04-18T06:25:40","modified_gmt":"2026-04-18T06:25:40","slug":"19-momme-mulberry-silk-skirt-bias-cut-rose","status":"publish","type":"product","link":"https:\/\/silk-pajamas.com\/fr\/19-momme-mulberry-silk-skirt-bias-cut-rose\/","title":{"rendered":"19 Momme Jupe en soie de m\u00fbrier Bias Cut Rose"},"content":{"rendered":"<p>Fabriqu\u00e9e avec de la soie de m\u00fbrier 19 momme, cette jupe en soie offre un toucher doux et respirant et un mouvement \u00e9l\u00e9gant. La coupe en biais et la couleur rose lui conf\u00e8rent un look raffin\u00e9 pour les garde-robes \u00e0 capsules. Disponible en sur mesure. Laver \u00e0 la main \u00e0 froid ou utiliser un cycle d\u00e9licat.<\/p>","protected":false},"excerpt":{"rendered":"<p>19 Momme Mulberry jupe en soie de soie en Rose. Finition Bias Cut, sensation de respirabilit\u00e9 et gamme de tailles sur mesure. Con\u00e7ue pour les garde-robes capsules.<\/p>","protected":false},"featured_media":1341,"template":"","meta":{"_gspb_post_css":""},"product_brand":[],"product_cat":[32],"product_tag":[872,874,873],"class_list":{"0":"post-917","1":"product","2":"type-product","3":"status-publish","4":"has-post-thumbnail","6":"product_cat-silk-skirts","7":"product_tag-19-momme-silk-skirt-rose","8":"product_tag-factory-silk-skirt-for-capsule-wardrobes","9":"product_tag-mulberry-silk-skirt-bias-cut","11":"first","12":"instock","13":"featured","14":"shipping-taxable","15":"purchasable","16":"product-type-simple"},"_links":{"self":[{"href":"https:\/\/silk-pajamas.com\/fr\/wp-json\/wp\/v2\/product\/917","targetHints":{"allow":["GET"]}}],"collection":[{"href":"https:\/\/silk-pajamas.com\/fr\/wp-json\/wp\/v2\/product"}],"about":[{"href":"https:\/\/silk-pajamas.com\/fr\/wp-json\/wp\/v2\/types\/product"}],"wp:featuredmedia":[{"embeddable":true,"href":"https:\/\/silk-pajamas.com\/fr\/wp-json\/wp\/v2\/media\/1341"}],"wp:attachment":[{"href":"https:\/\/silk-pajamas.com\/fr\/wp-json\/wp\/v2\/media?parent=917"}],"wp:term":[{"taxonomy":"product_brand","embeddable":true,"href":"https:\/\/silk-pajamas.com\/fr\/wp-json\/wp\/v2\/product_brand?post=917"},{"taxonomy":"product_cat","embeddable":true,"href":"https:\/\/silk-pajamas.com\/fr\/wp-json\/wp\/v2\/product_cat?post=917"},{"taxonomy":"product_tag","embeddable":true,"href":"https:\/\/silk-pajamas.com\/fr\/wp-json\/wp\/v2\/product_tag?post=917"}],"curies":[{"name":"wp","href":"https:\/\/api.w.org\/{rel}","templated":true}]}}