{"id":921,"date":"2026-04-12T15:43:42","date_gmt":"2026-04-12T15:43:42","guid":{"rendered":"https:\/\/silk-pajamas.com\/25-momme-sandwashed-silk-t-shirt-sandwashed-ivory\/"},"modified":"2026-04-17T03:17:39","modified_gmt":"2026-04-17T03:17:39","slug":"25-momme-sandwashed-silk-t-shirt-sandwashed-ivory","status":"publish","type":"product","link":"https:\/\/silk-pajamas.com\/fr\/25-momme-sandwashed-silk-t-shirt-sandwashed-ivory\/","title":{"rendered":"25 Momme T-Shirt soie lav\u00e9e lav\u00e9e ivoire"},"content":{"rendered":"<p>Ce tee-shirt en soie est fabriqu\u00e9 \u00e0 partir de 25 momme de soie lav\u00e9e dans un ton ivoire. Il se caract\u00e9rise par une texture lisse et un drap\u00e9 confortable pour les voyages. Ce mod\u00e8le est compatible avec les tailles personnalis\u00e9es et convient parfaitement aux v\u00eatements de toutes saisons, aux cadeaux et au confort quotidien. Laver \u00e0 la main \u00e0 froid ou utiliser un cycle d\u00e9licat.<\/p>","protected":false},"excerpt":{"rendered":"<p>25 Momme Sandwashed silk silk tee in Ivory. Finition sabl\u00e9e, sensation de respirabilit\u00e9 et taille sur mesure. Con\u00e7u pour le voyage.<\/p>","protected":false},"featured_media":1295,"template":"","meta":{"_gspb_post_css":""},"product_brand":[],"product_cat":[28],"product_tag":[880,881,882],"class_list":{"0":"post-921","1":"product","2":"type-product","3":"status-publish","4":"has-post-thumbnail","6":"product_cat-silk-t-shirts","7":"product_tag-25-momme-silk-t-shirt-ivory","8":"product_tag-sandwashed-silk-t-shirt-sandwashed","9":"product_tag-supplier-silk-t-shirt-for-travel-use","11":"first","12":"instock","13":"featured","14":"shipping-taxable","15":"purchasable","16":"product-type-simple"},"_links":{"self":[{"href":"https:\/\/silk-pajamas.com\/fr\/wp-json\/wp\/v2\/product\/921","targetHints":{"allow":["GET"]}}],"collection":[{"href":"https:\/\/silk-pajamas.com\/fr\/wp-json\/wp\/v2\/product"}],"about":[{"href":"https:\/\/silk-pajamas.com\/fr\/wp-json\/wp\/v2\/types\/product"}],"wp:featuredmedia":[{"embeddable":true,"href":"https:\/\/silk-pajamas.com\/fr\/wp-json\/wp\/v2\/media\/1295"}],"wp:attachment":[{"href":"https:\/\/silk-pajamas.com\/fr\/wp-json\/wp\/v2\/media?parent=921"}],"wp:term":[{"taxonomy":"product_brand","embeddable":true,"href":"https:\/\/silk-pajamas.com\/fr\/wp-json\/wp\/v2\/product_brand?post=921"},{"taxonomy":"product_cat","embeddable":true,"href":"https:\/\/silk-pajamas.com\/fr\/wp-json\/wp\/v2\/product_cat?post=921"},{"taxonomy":"product_tag","embeddable":true,"href":"https:\/\/silk-pajamas.com\/fr\/wp-json\/wp\/v2\/product_tag?post=921"}],"curies":[{"name":"wp","href":"https:\/\/api.w.org\/{rel}","templated":true}]}}