{"id":923,"date":"2026-04-12T15:43:43","date_gmt":"2026-04-12T15:43:43","guid":{"rendered":"https:\/\/silk-pajamas.com\/19-momme-mulberry-silk-tee-crew-neck-ivory-vendor\/"},"modified":"2026-04-17T02:51:00","modified_gmt":"2026-04-17T02:51:00","slug":"19-momme-mulberry-silk-tee-crew-neck-ivory-vendor","status":"publish","type":"product","link":"https:\/\/silk-pajamas.com\/fr\/19-momme-mulberry-silk-tee-crew-neck-ivory-vendor\/","title":{"rendered":"19 Momme Mulberry Silk Tee Crew Neck Ivory Vendor"},"content":{"rendered":"<p>Confectionn\u00e9 en soie de m\u00fbrier 19 momme, ce tee-shirt en soie associe un col ras du cou \u00e0 une brillance douce et \u00e0 une sensation de respirabilit\u00e9. La finition ivoire lui conf\u00e8re une allure raffin\u00e9e, tandis que les tailles XS, S, M, L et XL permettent de r\u00e9pondre \u00e0 toutes les demandes. Convient aux hommes et aux garde-robes de printemps. Laver \u00e0 la main \u00e0 froid ou utiliser un cycle d\u00e9licat.<\/p>","protected":false},"excerpt":{"rendered":"<p>19 Momme Mulberry silk silk tee en ivoire. Col ras du cou, l\u00e9g\u00e8ret\u00e9 et tailles XS, S, M, L, XL. Con\u00e7u pour les hommes.<\/p>","protected":false},"featured_media":1297,"template":"","meta":{"_gspb_post_css":""},"product_brand":[],"product_cat":[28],"product_tag":[886,887,888],"class_list":{"0":"post-923","1":"product","2":"type-product","3":"status-publish","4":"has-post-thumbnail","6":"product_cat-silk-t-shirts","7":"product_tag-19-momme-silk-t-shirt-ivory","8":"product_tag-mulberry-silk-t-shirt-crew-neck","9":"product_tag-supplier-silk-t-shirt-for-men","11":"first","12":"instock","13":"shipping-taxable","14":"purchasable","15":"product-type-simple"},"_links":{"self":[{"href":"https:\/\/silk-pajamas.com\/fr\/wp-json\/wp\/v2\/product\/923","targetHints":{"allow":["GET"]}}],"collection":[{"href":"https:\/\/silk-pajamas.com\/fr\/wp-json\/wp\/v2\/product"}],"about":[{"href":"https:\/\/silk-pajamas.com\/fr\/wp-json\/wp\/v2\/types\/product"}],"wp:featuredmedia":[{"embeddable":true,"href":"https:\/\/silk-pajamas.com\/fr\/wp-json\/wp\/v2\/media\/1297"}],"wp:attachment":[{"href":"https:\/\/silk-pajamas.com\/fr\/wp-json\/wp\/v2\/media?parent=923"}],"wp:term":[{"taxonomy":"product_brand","embeddable":true,"href":"https:\/\/silk-pajamas.com\/fr\/wp-json\/wp\/v2\/product_brand?post=923"},{"taxonomy":"product_cat","embeddable":true,"href":"https:\/\/silk-pajamas.com\/fr\/wp-json\/wp\/v2\/product_cat?post=923"},{"taxonomy":"product_tag","embeddable":true,"href":"https:\/\/silk-pajamas.com\/fr\/wp-json\/wp\/v2\/product_tag?post=923"}],"curies":[{"name":"wp","href":"https:\/\/api.w.org\/{rel}","templated":true}]}}