{"id":924,"date":"2026-04-12T15:43:43","date_gmt":"2026-04-12T15:43:43","guid":{"rendered":"https:\/\/silk-pajamas.com\/25-momme-sandwashed-mulberry-silk-tee-relaxed-fit-lilac\/"},"modified":"2026-04-17T02:51:27","modified_gmt":"2026-04-17T02:51:27","slug":"25-momme-sandwashed-mulberry-silk-tee-relaxed-fit-lilac","status":"publish","type":"product","link":"https:\/\/silk-pajamas.com\/fr\/25-momme-sandwashed-mulberry-silk-tee-relaxed-fit-lilac\/","title":{"rendered":"25 Momme Sandwashed Mulberry Silk Tee Relaxed Fit Lilac"},"content":{"rendered":"<p>Ce tee-shirt en soie est fabriqu\u00e9 \u00e0 partir de 25 momme de soie sabl\u00e9e dans un ton lilas. Il pr\u00e9sente une coupe d\u00e9contract\u00e9e, un toucher doux et un drap\u00e9 confortable pour les hommes. Ce mod\u00e8le convient aux tailles XS, S, M, L, XL et convient parfaitement aux tenues d'automne, aux cadeaux et au confort quotidien. Laver \u00e0 la main \u00e0 froid ou utiliser un cycle d\u00e9licat.<\/p>","protected":false},"excerpt":{"rendered":"<p>25 Momme Sandwashed silk silk tee en Lilas. Finition Relaxed Fit, toucher infroissable et taille XS, S, M, L, XL. Con\u00e7u pour les hommes.<\/p>","protected":false},"featured_media":1269,"template":"","meta":{"_gspb_post_css":""},"product_brand":[],"product_cat":[28],"product_tag":[889,890,891],"class_list":{"0":"post-924","1":"product","2":"type-product","3":"status-publish","4":"has-post-thumbnail","6":"product_cat-silk-t-shirts","7":"product_tag-25-momme-silk-t-shirt-lilac","8":"product_tag-sandwashed-silk-t-shirt-relaxed-fit","9":"product_tag-wholesale-silk-t-shirt-for-men","11":"first","12":"instock","13":"shipping-taxable","14":"purchasable","15":"product-type-simple"},"_links":{"self":[{"href":"https:\/\/silk-pajamas.com\/fr\/wp-json\/wp\/v2\/product\/924","targetHints":{"allow":["GET"]}}],"collection":[{"href":"https:\/\/silk-pajamas.com\/fr\/wp-json\/wp\/v2\/product"}],"about":[{"href":"https:\/\/silk-pajamas.com\/fr\/wp-json\/wp\/v2\/types\/product"}],"wp:featuredmedia":[{"embeddable":true,"href":"https:\/\/silk-pajamas.com\/fr\/wp-json\/wp\/v2\/media\/1269"}],"wp:attachment":[{"href":"https:\/\/silk-pajamas.com\/fr\/wp-json\/wp\/v2\/media?parent=924"}],"wp:term":[{"taxonomy":"product_brand","embeddable":true,"href":"https:\/\/silk-pajamas.com\/fr\/wp-json\/wp\/v2\/product_brand?post=924"},{"taxonomy":"product_cat","embeddable":true,"href":"https:\/\/silk-pajamas.com\/fr\/wp-json\/wp\/v2\/product_cat?post=924"},{"taxonomy":"product_tag","embeddable":true,"href":"https:\/\/silk-pajamas.com\/fr\/wp-json\/wp\/v2\/product_tag?post=924"}],"curies":[{"name":"wp","href":"https:\/\/api.w.org\/{rel}","templated":true}]}}