{"id":929,"date":"2026-04-12T15:43:43","date_gmt":"2026-04-12T15:43:43","guid":{"rendered":"https:\/\/silk-pajamas.com\/16-momme-charmeuse-mulberry-silk-tee-crew-neck-lilac\/"},"modified":"2026-04-17T02:55:30","modified_gmt":"2026-04-17T02:55:30","slug":"16-momme-charmeuse-mulberry-silk-tee-crew-neck-lilac","status":"publish","type":"product","link":"https:\/\/silk-pajamas.com\/fr\/16-momme-charmeuse-mulberry-silk-tee-crew-neck-lilac\/","title":{"rendered":"16 Momme Charmeuse Mulberry Silk Tee Crew Neck Lilas"},"content":{"rendered":"<p>Ce tee-shirt en soie est r\u00e9alis\u00e9 en 16 momme charmeuse de soie dans un ton lilas. Il pr\u00e9sente une encolure ras du cou, un toucher doux et un drap\u00e9 confortable pour les hommes. Ce mod\u00e8le convient aux tailles S, M, L, XL, XXL et convient parfaitement \u00e0 toutes les saisons, aux cadeaux et au confort quotidien. Laver \u00e0 la main \u00e0 froid ou utiliser un cycle d\u00e9licat.<\/p>","protected":false},"excerpt":{"rendered":"<p>16 Tee-shirt en soie Momme Charmeuse, coloris lilas. Finition col ras du cou, sensation de respirabilit\u00e9 et gamme de tailles S, M, L, XL, XXL. Con\u00e7u pour les hommes.<\/p>","protected":false},"featured_media":1308,"template":"","meta":{"_gspb_post_css":""},"product_brand":[],"product_cat":[28],"product_tag":[900,902,903],"class_list":{"0":"post-929","1":"product","2":"type-product","3":"status-publish","4":"has-post-thumbnail","6":"product_cat-silk-t-shirts","7":"product_tag-16-momme-silk-t-shirt-lilac","8":"product_tag-charmeuse-silk-t-shirt-crew-neck","9":"product_tag-manufacturer-silk-t-shirt-for-men","11":"first","12":"instock","13":"shipping-taxable","14":"purchasable","15":"product-type-simple"},"_links":{"self":[{"href":"https:\/\/silk-pajamas.com\/fr\/wp-json\/wp\/v2\/product\/929","targetHints":{"allow":["GET"]}}],"collection":[{"href":"https:\/\/silk-pajamas.com\/fr\/wp-json\/wp\/v2\/product"}],"about":[{"href":"https:\/\/silk-pajamas.com\/fr\/wp-json\/wp\/v2\/types\/product"}],"wp:featuredmedia":[{"embeddable":true,"href":"https:\/\/silk-pajamas.com\/fr\/wp-json\/wp\/v2\/media\/1308"}],"wp:attachment":[{"href":"https:\/\/silk-pajamas.com\/fr\/wp-json\/wp\/v2\/media?parent=929"}],"wp:term":[{"taxonomy":"product_brand","embeddable":true,"href":"https:\/\/silk-pajamas.com\/fr\/wp-json\/wp\/v2\/product_brand?post=929"},{"taxonomy":"product_cat","embeddable":true,"href":"https:\/\/silk-pajamas.com\/fr\/wp-json\/wp\/v2\/product_cat?post=929"},{"taxonomy":"product_tag","embeddable":true,"href":"https:\/\/silk-pajamas.com\/fr\/wp-json\/wp\/v2\/product_tag?post=929"}],"curies":[{"name":"wp","href":"https:\/\/api.w.org\/{rel}","templated":true}]}}