{"id":933,"date":"2026-04-12T15:43:43","date_gmt":"2026-04-12T15:43:43","guid":{"rendered":"https:\/\/silk-pajamas.com\/22-momme-charmeuse-mulberry-silk-tee-sandwashed-sky-blue\/"},"modified":"2026-04-17T03:08:36","modified_gmt":"2026-04-17T03:08:36","slug":"22-momme-charmeuse-mulberry-silk-tee-sandwashed-sky-blue","status":"publish","type":"product","link":"https:\/\/silk-pajamas.com\/fr\/22-momme-charmeuse-mulberry-silk-tee-sandwashed-sky-blue\/","title":{"rendered":"22 Momme Charmeuse Mulberry Silk Tee Sandwashed Sky Blue"},"content":{"rendered":"<p>Ce tee-shirt en soie est fabriqu\u00e9 \u00e0 partir de 22 momme charmeuse de soie dans un ton bleu ciel. Il se caract\u00e9rise par son aspect d\u00e9lav\u00e9, son toucher doux et son drap\u00e9 confortable pour les hommes. Ce mod\u00e8le convient aux tailles XL, XXL, 3XL et 4XL et convient parfaitement \u00e0 toutes les saisons, aux cadeaux et au confort quotidien. Laver \u00e0 la main \u00e0 froid ou utiliser un cycle d\u00e9licat.<\/p>","protected":false},"excerpt":{"rendered":"<p>22 Momme Charmeuse silk silk tee in Sky Blue. Finition sabl\u00e9e, toucher lisse et drap\u00e9. Tailles XL, XXL, 3XL, 4XL. Con\u00e7u pour l'homme.<\/p>","protected":false},"featured_media":1325,"template":"","meta":{"_gspb_post_css":""},"product_brand":[],"product_cat":[28],"product_tag":[911,912,903],"class_list":{"0":"post-933","1":"product","2":"type-product","3":"status-publish","4":"has-post-thumbnail","6":"product_cat-silk-t-shirts","7":"product_tag-22-momme-silk-t-shirt-sky-blue","8":"product_tag-charmeuse-silk-t-shirt-sandwashed","9":"product_tag-manufacturer-silk-t-shirt-for-men","11":"first","12":"instock","13":"shipping-taxable","14":"purchasable","15":"product-type-simple"},"_links":{"self":[{"href":"https:\/\/silk-pajamas.com\/fr\/wp-json\/wp\/v2\/product\/933","targetHints":{"allow":["GET"]}}],"collection":[{"href":"https:\/\/silk-pajamas.com\/fr\/wp-json\/wp\/v2\/product"}],"about":[{"href":"https:\/\/silk-pajamas.com\/fr\/wp-json\/wp\/v2\/types\/product"}],"wp:featuredmedia":[{"embeddable":true,"href":"https:\/\/silk-pajamas.com\/fr\/wp-json\/wp\/v2\/media\/1325"}],"wp:attachment":[{"href":"https:\/\/silk-pajamas.com\/fr\/wp-json\/wp\/v2\/media?parent=933"}],"wp:term":[{"taxonomy":"product_brand","embeddable":true,"href":"https:\/\/silk-pajamas.com\/fr\/wp-json\/wp\/v2\/product_brand?post=933"},{"taxonomy":"product_cat","embeddable":true,"href":"https:\/\/silk-pajamas.com\/fr\/wp-json\/wp\/v2\/product_cat?post=933"},{"taxonomy":"product_tag","embeddable":true,"href":"https:\/\/silk-pajamas.com\/fr\/wp-json\/wp\/v2\/product_tag?post=933"}],"curies":[{"name":"wp","href":"https:\/\/api.w.org\/{rel}","templated":true}]}}