{"id":935,"date":"2026-04-12T15:43:43","date_gmt":"2026-04-12T15:43:43","guid":{"rendered":"https:\/\/silk-pajamas.com\/22-momme-charmeuse-mulberry-silk-tee-cap-sleeve-leopard\/"},"modified":"2026-04-17T03:10:10","modified_gmt":"2026-04-17T03:10:10","slug":"22-momme-charmeuse-mulberry-silk-tee-cap-sleeve-leopard","status":"publish","type":"product","link":"https:\/\/silk-pajamas.com\/fr\/22-momme-charmeuse-mulberry-silk-tee-cap-sleeve-leopard\/","title":{"rendered":"22 Momme Charmeuse Mulberry Silk Tee Cap Sleeve Leopard"},"content":{"rendered":"<p>Fabriqu\u00e9 avec 22 momme charmeuse de soie, ce tee-shirt en soie offre une thermor\u00e9gulation, un toucher doux et un mouvement \u00e9l\u00e9gant. La construction \u00e0 manches capuchon et la couleur l\u00e9opard conf\u00e8rent \u00e0 ce tee-shirt un look raffin\u00e9 pour les hommes. Disponible en XS, S, M, L, XL. Laver \u00e0 la main \u00e0 froid ou utiliser un cycle d\u00e9licat.<\/p>","protected":false},"excerpt":{"rendered":"<p>22 Momme Charmeuse soie tee en l\u00e9opard. Finition manches capuchon, sensation de r\u00e9gulation thermique et gamme de tailles XS, S, M, L, XL. Con\u00e7u pour les hommes.<\/p>","protected":false},"featured_media":1266,"template":"","meta":{"_gspb_post_css":""},"product_brand":[],"product_cat":[28],"product_tag":[915,916,888],"class_list":{"0":"post-935","1":"product","2":"type-product","3":"status-publish","4":"has-post-thumbnail","6":"product_cat-silk-t-shirts","7":"product_tag-22-momme-silk-t-shirt-leopard","8":"product_tag-charmeuse-silk-t-shirt-cap-sleeve","9":"product_tag-supplier-silk-t-shirt-for-men","11":"first","12":"instock","13":"shipping-taxable","14":"purchasable","15":"product-type-simple"},"_links":{"self":[{"href":"https:\/\/silk-pajamas.com\/fr\/wp-json\/wp\/v2\/product\/935","targetHints":{"allow":["GET"]}}],"collection":[{"href":"https:\/\/silk-pajamas.com\/fr\/wp-json\/wp\/v2\/product"}],"about":[{"href":"https:\/\/silk-pajamas.com\/fr\/wp-json\/wp\/v2\/types\/product"}],"wp:featuredmedia":[{"embeddable":true,"href":"https:\/\/silk-pajamas.com\/fr\/wp-json\/wp\/v2\/media\/1266"}],"wp:attachment":[{"href":"https:\/\/silk-pajamas.com\/fr\/wp-json\/wp\/v2\/media?parent=935"}],"wp:term":[{"taxonomy":"product_brand","embeddable":true,"href":"https:\/\/silk-pajamas.com\/fr\/wp-json\/wp\/v2\/product_brand?post=935"},{"taxonomy":"product_cat","embeddable":true,"href":"https:\/\/silk-pajamas.com\/fr\/wp-json\/wp\/v2\/product_cat?post=935"},{"taxonomy":"product_tag","embeddable":true,"href":"https:\/\/silk-pajamas.com\/fr\/wp-json\/wp\/v2\/product_tag?post=935"}],"curies":[{"name":"wp","href":"https:\/\/api.w.org\/{rel}","templated":true}]}}