{"id":936,"date":"2026-04-12T15:43:44","date_gmt":"2026-04-12T15:43:44","guid":{"rendered":"https:\/\/silk-pajamas.com\/19-momme-sandwashed-silk-t-shirt-sandwashed-pearl\/"},"modified":"2026-04-17T02:03:31","modified_gmt":"2026-04-17T02:03:31","slug":"19-momme-sandwashed-silk-t-shirt-sandwashed-pearl","status":"publish","type":"product","link":"https:\/\/silk-pajamas.com\/fr\/19-momme-sandwashed-silk-t-shirt-sandwashed-pearl\/","title":{"rendered":"19 Momme T-Shirt soie chin\u00e9e perle chin\u00e9e"},"content":{"rendered":"<p>Ce tee-shirt en soie est fabriqu\u00e9 \u00e0 partir de 19 momme de soie sabl\u00e9e dans un ton perle. Il se caract\u00e9rise par son aspect sabl\u00e9, une sensation de douceur et un drap\u00e9 confortable pour les hommes. Ce mod\u00e8le convient aux tailles XL, XXL, 3XL et 4XL et convient parfaitement \u00e0 toutes les saisons, aux cadeaux et au confort quotidien. Laver \u00e0 la main \u00e0 froid ou utiliser un cycle d\u00e9licat.<\/p>","protected":false},"excerpt":{"rendered":"<p>19 Momme Sandwashed silk silk tee en Pearl. Finition sabl\u00e9e, toucher lisse et drap\u00e9. Tailles XL, XXL, 3XL, 4XL. Con\u00e7u pour les hommes.<\/p>","protected":false},"featured_media":1255,"template":"","meta":{"_gspb_post_css":""},"product_brand":[],"product_cat":[28],"product_tag":[917,881,891],"class_list":{"0":"post-936","1":"product","2":"type-product","3":"status-publish","4":"has-post-thumbnail","6":"product_cat-silk-t-shirts","7":"product_tag-19-momme-silk-t-shirt-pearl","8":"product_tag-sandwashed-silk-t-shirt-sandwashed","9":"product_tag-wholesale-silk-t-shirt-for-men","11":"first","12":"instock","13":"featured","14":"shipping-taxable","15":"purchasable","16":"product-type-simple"},"_links":{"self":[{"href":"https:\/\/silk-pajamas.com\/fr\/wp-json\/wp\/v2\/product\/936","targetHints":{"allow":["GET"]}}],"collection":[{"href":"https:\/\/silk-pajamas.com\/fr\/wp-json\/wp\/v2\/product"}],"about":[{"href":"https:\/\/silk-pajamas.com\/fr\/wp-json\/wp\/v2\/types\/product"}],"wp:featuredmedia":[{"embeddable":true,"href":"https:\/\/silk-pajamas.com\/fr\/wp-json\/wp\/v2\/media\/1255"}],"wp:attachment":[{"href":"https:\/\/silk-pajamas.com\/fr\/wp-json\/wp\/v2\/media?parent=936"}],"wp:term":[{"taxonomy":"product_brand","embeddable":true,"href":"https:\/\/silk-pajamas.com\/fr\/wp-json\/wp\/v2\/product_brand?post=936"},{"taxonomy":"product_cat","embeddable":true,"href":"https:\/\/silk-pajamas.com\/fr\/wp-json\/wp\/v2\/product_cat?post=936"},{"taxonomy":"product_tag","embeddable":true,"href":"https:\/\/silk-pajamas.com\/fr\/wp-json\/wp\/v2\/product_tag?post=936"}],"curies":[{"name":"wp","href":"https:\/\/api.w.org\/{rel}","templated":true}]}}