{"id":939,"date":"2026-04-12T15:43:44","date_gmt":"2026-04-12T15:43:44","guid":{"rendered":"https:\/\/silk-pajamas.com\/16-momme-crepe-silk-t-shirt-crew-neck-lilac-supplier\/"},"modified":"2026-04-17T02:10:39","modified_gmt":"2026-04-17T02:10:39","slug":"16-momme-crepe-silk-t-shirt-crew-neck-lilac-supplier","status":"publish","type":"product","link":"https:\/\/silk-pajamas.com\/fr\/16-momme-crepe-silk-t-shirt-crew-neck-lilac-supplier\/","title":{"rendered":"16 Momme Crepe Silk T-Shirt Crew Neck Lilac Supplier"},"content":{"rendered":"<p>Confectionn\u00e9 en cr\u00eape de soie 16 momme, ce tee-shirt en soie associe un col ras du cou \u00e0 une brillance douce et \u00e0 une sensation de respirabilit\u00e9. La finition lilas lui conf\u00e8re un look raffin\u00e9, tandis que les tailles XL, XXL, 3XL et 4XL permettent de couvrir les besoins essentiels. Convient aux voyages et \u00e0 la garde-robe d'\u00e9t\u00e9. Laver \u00e0 la main \u00e0 froid ou utiliser un cycle d\u00e9licat.<\/p>","protected":false},"excerpt":{"rendered":"<p>16 Momme Crepe silk silk tee en Lilas. Col ras du cou, l\u00e9g\u00e8ret\u00e9 et tailles XL, XXL, 3XL, 4XL. Con\u00e7u pour le voyage.<\/p>","protected":false},"featured_media":1268,"template":"","meta":{"_gspb_post_css":""},"product_brand":[],"product_cat":[28],"product_tag":[900,920,921],"class_list":{"0":"post-939","1":"product","2":"type-product","3":"status-publish","4":"has-post-thumbnail","6":"product_cat-silk-t-shirts","7":"product_tag-16-momme-silk-t-shirt-lilac","8":"product_tag-crepe-silk-t-shirt-crew-neck","9":"product_tag-factory-silk-t-shirt-for-travel-use","11":"first","12":"instock","13":"shipping-taxable","14":"purchasable","15":"product-type-simple"},"_links":{"self":[{"href":"https:\/\/silk-pajamas.com\/fr\/wp-json\/wp\/v2\/product\/939","targetHints":{"allow":["GET"]}}],"collection":[{"href":"https:\/\/silk-pajamas.com\/fr\/wp-json\/wp\/v2\/product"}],"about":[{"href":"https:\/\/silk-pajamas.com\/fr\/wp-json\/wp\/v2\/types\/product"}],"wp:featuredmedia":[{"embeddable":true,"href":"https:\/\/silk-pajamas.com\/fr\/wp-json\/wp\/v2\/media\/1268"}],"wp:attachment":[{"href":"https:\/\/silk-pajamas.com\/fr\/wp-json\/wp\/v2\/media?parent=939"}],"wp:term":[{"taxonomy":"product_brand","embeddable":true,"href":"https:\/\/silk-pajamas.com\/fr\/wp-json\/wp\/v2\/product_brand?post=939"},{"taxonomy":"product_cat","embeddable":true,"href":"https:\/\/silk-pajamas.com\/fr\/wp-json\/wp\/v2\/product_cat?post=939"},{"taxonomy":"product_tag","embeddable":true,"href":"https:\/\/silk-pajamas.com\/fr\/wp-json\/wp\/v2\/product_tag?post=939"}],"curies":[{"name":"wp","href":"https:\/\/api.w.org\/{rel}","templated":true}]}}