{"id":944,"date":"2026-04-12T15:43:44","date_gmt":"2026-04-12T15:43:44","guid":{"rendered":"https:\/\/silk-pajamas.com\/19-momme-mulberry-silk-bra-panty-set-soft-cup-black-factory\/"},"modified":"2026-04-17T02:43:37","modified_gmt":"2026-04-17T02:43:37","slug":"19-momme-mulberry-silk-bra-panty-set-soft-cup-black-factory","status":"publish","type":"product","link":"https:\/\/silk-pajamas.com\/fr\/19-momme-mulberry-silk-bra-panty-set-soft-cup-black-factory\/","title":{"rendered":"19 Momme Mulberry Silk Bra Panty Set Soft Cup Black Factory"},"content":{"rendered":"<p>Cet ensemble soutien-gorge et culotte est fabriqu\u00e9 \u00e0 partir de 19 momme de soie de m\u00fbrier dans un ton noir. Il se caract\u00e9rise par des bonnets souples, un toucher doux et un drap\u00e9 confortable pour les peaux sensibles. Ce mod\u00e8le convient aux tailles 34B, 36B, 38B, 40C et convient parfaitement \u00e0 une utilisation en toute saison, \u00e0 un cadeau ou au confort quotidien. Laver \u00e0 la main \u00e0 froid ou utiliser un cycle d\u00e9licat.<\/p>","protected":false},"excerpt":{"rendered":"<p>19 Ensemble soutien-gorge et culotte Momme Mulberry en soie noire. Finition Soft Cup, sensation de thermor\u00e9gulation et gamme de tailles 34B, 36B, 38B, 40C. Con\u00e7u pour les peaux sensibles.<\/p>","protected":false},"featured_media":1283,"template":"","meta":{"_gspb_post_css":""},"product_brand":[],"product_cat":[40],"product_tag":[929,930,931],"class_list":{"0":"post-944","1":"product","2":"type-product","3":"status-publish","4":"has-post-thumbnail","6":"product_cat-silk-bra-panty-sets","7":"product_tag-19-momme-silk-bra-panty-set-black","8":"product_tag-mulberry-silk-bra-panty-set-soft-cup","9":"product_tag-wholesale-silk-bra-panty-set-for-sensitive-skin","11":"first","12":"instock","13":"shipping-taxable","14":"purchasable","15":"product-type-simple"},"_links":{"self":[{"href":"https:\/\/silk-pajamas.com\/fr\/wp-json\/wp\/v2\/product\/944","targetHints":{"allow":["GET"]}}],"collection":[{"href":"https:\/\/silk-pajamas.com\/fr\/wp-json\/wp\/v2\/product"}],"about":[{"href":"https:\/\/silk-pajamas.com\/fr\/wp-json\/wp\/v2\/types\/product"}],"wp:featuredmedia":[{"embeddable":true,"href":"https:\/\/silk-pajamas.com\/fr\/wp-json\/wp\/v2\/media\/1283"}],"wp:attachment":[{"href":"https:\/\/silk-pajamas.com\/fr\/wp-json\/wp\/v2\/media?parent=944"}],"wp:term":[{"taxonomy":"product_brand","embeddable":true,"href":"https:\/\/silk-pajamas.com\/fr\/wp-json\/wp\/v2\/product_brand?post=944"},{"taxonomy":"product_cat","embeddable":true,"href":"https:\/\/silk-pajamas.com\/fr\/wp-json\/wp\/v2\/product_cat?post=944"},{"taxonomy":"product_tag","embeddable":true,"href":"https:\/\/silk-pajamas.com\/fr\/wp-json\/wp\/v2\/product_tag?post=944"}],"curies":[{"name":"wp","href":"https:\/\/api.w.org\/{rel}","templated":true}]}}