{"id":948,"date":"2026-04-12T15:43:45","date_gmt":"2026-04-12T15:43:45","guid":{"rendered":"https:\/\/silk-pajamas.com\/16-momme-stretch-silk-bra-panty-set-soft-cup-ivory-vendor\/"},"modified":"2026-04-17T01:49:36","modified_gmt":"2026-04-17T01:49:36","slug":"16-momme-stretch-silk-bra-panty-set-soft-cup-ivory-vendor","status":"publish","type":"product","link":"https:\/\/silk-pajamas.com\/fr\/16-momme-stretch-silk-bra-panty-set-soft-cup-ivory-vendor\/","title":{"rendered":"16 Momme Stretch Silk Bra Panty Set Soft Cup Ivory Vendor"},"content":{"rendered":"<p>Fabriqu\u00e9 en soie extensible de 16 mm, cet ensemble soutien-gorge et culotte offre un toucher doux et respirant et un mouvement \u00e9l\u00e9gant. La construction souple des bonnets et la couleur ivoire permettent aux femmes d'avoir un look raffin\u00e9. Disponible en S, M, L, XL. Laver \u00e0 la main \u00e0 froid ou utiliser un cycle d\u00e9licat.<\/p>","protected":false},"excerpt":{"rendered":"<p>16 Momme Stretch Silk ensemble soutien-gorge et culotte en soie ivoire. Finition douce des bonnets, sensation de respirabilit\u00e9 et gamme de tailles S, M, L, XL. Con\u00e7u pour les femmes.<\/p>","protected":false},"featured_media":1226,"template":"","meta":{"_gspb_post_css":""},"product_brand":[],"product_cat":[40],"product_tag":[926,941,942],"class_list":{"0":"post-948","1":"product","2":"type-product","3":"status-publish","4":"has-post-thumbnail","6":"product_cat-silk-bra-panty-sets","7":"product_tag-16-momme-silk-bra-panty-set-ivory","8":"product_tag-stretch-silk-silk-bra-panty-set-soft-cup","9":"product_tag-wholesale-silk-bra-panty-set-for-women","11":"first","12":"instock","13":"featured","14":"shipping-taxable","15":"purchasable","16":"product-type-simple"},"_links":{"self":[{"href":"https:\/\/silk-pajamas.com\/fr\/wp-json\/wp\/v2\/product\/948","targetHints":{"allow":["GET"]}}],"collection":[{"href":"https:\/\/silk-pajamas.com\/fr\/wp-json\/wp\/v2\/product"}],"about":[{"href":"https:\/\/silk-pajamas.com\/fr\/wp-json\/wp\/v2\/types\/product"}],"wp:featuredmedia":[{"embeddable":true,"href":"https:\/\/silk-pajamas.com\/fr\/wp-json\/wp\/v2\/media\/1226"}],"wp:attachment":[{"href":"https:\/\/silk-pajamas.com\/fr\/wp-json\/wp\/v2\/media?parent=948"}],"wp:term":[{"taxonomy":"product_brand","embeddable":true,"href":"https:\/\/silk-pajamas.com\/fr\/wp-json\/wp\/v2\/product_brand?post=948"},{"taxonomy":"product_cat","embeddable":true,"href":"https:\/\/silk-pajamas.com\/fr\/wp-json\/wp\/v2\/product_cat?post=948"},{"taxonomy":"product_tag","embeddable":true,"href":"https:\/\/silk-pajamas.com\/fr\/wp-json\/wp\/v2\/product_tag?post=948"}],"curies":[{"name":"wp","href":"https:\/\/api.w.org\/{rel}","templated":true}]}}