{"id":949,"date":"2026-04-12T15:43:45","date_gmt":"2026-04-12T15:43:45","guid":{"rendered":"https:\/\/silk-pajamas.com\/16-momme-sandwashed-silk-bralette-set-lace-trim-wine\/"},"modified":"2026-04-17T01:53:38","modified_gmt":"2026-04-17T01:53:38","slug":"16-momme-sandwashed-silk-bralette-set-lace-trim-wine","status":"publish","type":"product","link":"https:\/\/silk-pajamas.com\/fr\/16-momme-sandwashed-silk-bralette-set-lace-trim-wine\/","title":{"rendered":"16 Momme Ensemble bralette en soie lav\u00e9e bord\u00e9e de dentelle Vin"},"content":{"rendered":"<p>Confectionn\u00e9 en 16 momme de soie sabl\u00e9e, cet ensemble soutien-gorge et culotte allie les d\u00e9tails de la dentelle \u00e0 une brillance douce et \u00e0 une sensation de respirabilit\u00e9. La finition vin lui conf\u00e8re un aspect raffin\u00e9, tandis que les tailles XL, XXL, 3XL et 4XL permettent de couvrir les besoins essentiels. Convient aux femmes et aux garde-robes d'automne. Laver \u00e0 la main \u00e0 froid ou utiliser un cycle d\u00e9licat.<\/p>","protected":false},"excerpt":{"rendered":"<p>16 Momme Sandwashed, ensemble soutien-gorge et culotte en soie de couleur vin. Finition en dentelle, sensation de respirabilit\u00e9 et tailles XL, XXL, 3XL, 4XL. Con\u00e7u pour les femmes.<\/p>","protected":false},"featured_media":1241,"template":"","meta":{"_gspb_post_css":""},"product_brand":[],"product_cat":[40],"product_tag":[943,944,939],"class_list":{"0":"post-949","1":"product","2":"type-product","3":"status-publish","4":"has-post-thumbnail","6":"product_cat-silk-bra-panty-sets","7":"product_tag-16-momme-silk-bra-panty-set-wine","8":"product_tag-factory-silk-bra-panty-set-for-women","9":"product_tag-sandwashed-silk-bra-panty-set-lace-trim","11":"first","12":"instock","13":"shipping-taxable","14":"purchasable","15":"product-type-simple"},"_links":{"self":[{"href":"https:\/\/silk-pajamas.com\/fr\/wp-json\/wp\/v2\/product\/949","targetHints":{"allow":["GET"]}}],"collection":[{"href":"https:\/\/silk-pajamas.com\/fr\/wp-json\/wp\/v2\/product"}],"about":[{"href":"https:\/\/silk-pajamas.com\/fr\/wp-json\/wp\/v2\/types\/product"}],"wp:featuredmedia":[{"embeddable":true,"href":"https:\/\/silk-pajamas.com\/fr\/wp-json\/wp\/v2\/media\/1241"}],"wp:attachment":[{"href":"https:\/\/silk-pajamas.com\/fr\/wp-json\/wp\/v2\/media?parent=949"}],"wp:term":[{"taxonomy":"product_brand","embeddable":true,"href":"https:\/\/silk-pajamas.com\/fr\/wp-json\/wp\/v2\/product_brand?post=949"},{"taxonomy":"product_cat","embeddable":true,"href":"https:\/\/silk-pajamas.com\/fr\/wp-json\/wp\/v2\/product_cat?post=949"},{"taxonomy":"product_tag","embeddable":true,"href":"https:\/\/silk-pajamas.com\/fr\/wp-json\/wp\/v2\/product_tag?post=949"}],"curies":[{"name":"wp","href":"https:\/\/api.w.org\/{rel}","templated":true}]}}