{"id":950,"date":"2026-04-12T15:43:45","date_gmt":"2026-04-12T15:43:45","guid":{"rendered":"https:\/\/silk-pajamas.com\/22-momme-charmeuse-silk-bralette-set-lace-trim-champagne\/"},"modified":"2026-04-17T01:57:31","modified_gmt":"2026-04-17T01:57:31","slug":"22-momme-charmeuse-silk-bralette-set-lace-trim-champagne","status":"publish","type":"product","link":"https:\/\/silk-pajamas.com\/fr\/22-momme-charmeuse-silk-bralette-set-lace-trim-champagne\/","title":{"rendered":"22 Momme Charmeuse Silk Bralette Set Lace Trim Champagne"},"content":{"rendered":"<p>Fabriqu\u00e9 avec 22 momme de soie charmeuse, cet ensemble soutien-gorge et culotte offre une thermor\u00e9gulation, une sensation de douceur sur la peau et un mouvement \u00e9l\u00e9gant. Les bordures en dentelle et la couleur champagne conf\u00e8rent \u00e0 l'ensemble un look raffin\u00e9 pour la garde-robe nuptiale. Disponible en XL, XXL, 3XL, 4XL. Laver \u00e0 la main \u00e0 froid ou utiliser un cycle d\u00e9licat.<\/p>","protected":false},"excerpt":{"rendered":"<p>22 Ensemble soutien-gorge et culotte en soie Momme Charmeuse de couleur Champagne. Finition en dentelle, sensation de r\u00e9gulation thermique et gamme de tailles XL, XXL, 3XL, 4XL. Con\u00e7u pour la garde-robe des mari\u00e9es.<\/p>","protected":false},"featured_media":1246,"template":"","meta":{"_gspb_post_css":""},"product_brand":[],"product_cat":[40],"product_tag":[938,936,937],"class_list":{"0":"post-950","1":"product","2":"type-product","3":"status-publish","4":"has-post-thumbnail","6":"product_cat-silk-bra-panty-sets","7":"product_tag-22-momme-silk-bra-panty-set-champagne","8":"product_tag-charmeuse-silk-bra-panty-set-lace-trim","9":"product_tag-factory-silk-bra-panty-set-for-bridal-wardrobes","11":"first","12":"instock","13":"shipping-taxable","14":"purchasable","15":"product-type-simple"},"_links":{"self":[{"href":"https:\/\/silk-pajamas.com\/fr\/wp-json\/wp\/v2\/product\/950","targetHints":{"allow":["GET"]}}],"collection":[{"href":"https:\/\/silk-pajamas.com\/fr\/wp-json\/wp\/v2\/product"}],"about":[{"href":"https:\/\/silk-pajamas.com\/fr\/wp-json\/wp\/v2\/types\/product"}],"wp:featuredmedia":[{"embeddable":true,"href":"https:\/\/silk-pajamas.com\/fr\/wp-json\/wp\/v2\/media\/1246"}],"wp:attachment":[{"href":"https:\/\/silk-pajamas.com\/fr\/wp-json\/wp\/v2\/media?parent=950"}],"wp:term":[{"taxonomy":"product_brand","embeddable":true,"href":"https:\/\/silk-pajamas.com\/fr\/wp-json\/wp\/v2\/product_brand?post=950"},{"taxonomy":"product_cat","embeddable":true,"href":"https:\/\/silk-pajamas.com\/fr\/wp-json\/wp\/v2\/product_cat?post=950"},{"taxonomy":"product_tag","embeddable":true,"href":"https:\/\/silk-pajamas.com\/fr\/wp-json\/wp\/v2\/product_tag?post=950"}],"curies":[{"name":"wp","href":"https:\/\/api.w.org\/{rel}","templated":true}]}}