{"id":951,"date":"2026-04-12T15:43:45","date_gmt":"2026-04-12T15:43:45","guid":{"rendered":"https:\/\/silk-pajamas.com\/19-momme-sandwashed-silk-bra-panty-set-lace-trim-sky-blue\/"},"modified":"2026-04-17T01:59:39","modified_gmt":"2026-04-17T01:59:39","slug":"19-momme-sandwashed-silk-bra-panty-set-lace-trim-sky-blue","status":"publish","type":"product","link":"https:\/\/silk-pajamas.com\/fr\/19-momme-sandwashed-silk-bra-panty-set-lace-trim-sky-blue\/","title":{"rendered":"19 Momme Soutien-gorge en soie lav\u00e9e Ensemble culotte bord\u00e9 de dentelle Bleu ciel"},"content":{"rendered":"<p>Cet ensemble soutien-gorge et culotte est confectionn\u00e9 en soie chin\u00e9e 19 momme dans un ton bleu ciel. Il pr\u00e9sente des bordures en dentelle, un toucher doux et un drap\u00e9 confortable pour les garde-robes de mari\u00e9es. Ce mod\u00e8le convient aux tailles S, M, L et XL et convient parfaitement aux tenues de printemps, aux cadeaux et au confort quotidien. Laver \u00e0 la main \u00e0 froid ou utiliser un cycle d\u00e9licat.<\/p>","protected":false},"excerpt":{"rendered":"<p>19 Momme Sandwashed, ensemble soutien-gorge et culotte en soie, bleu ciel. Finition en dentelle, toucher doux et tailles S, M, L, XL. Con\u00e7u pour les garde-robes de mari\u00e9es.<\/p>","protected":false},"featured_media":1251,"template":"","meta":{"_gspb_post_css":""},"product_brand":[],"product_cat":[40],"product_tag":[945,939,946],"class_list":{"0":"post-951","1":"product","2":"type-product","3":"status-publish","4":"has-post-thumbnail","6":"product_cat-silk-bra-panty-sets","7":"product_tag-19-momme-silk-bra-panty-set-sky-blue","8":"product_tag-sandwashed-silk-bra-panty-set-lace-trim","9":"product_tag-vendor-silk-bra-panty-set-for-bridal-wardrobes","11":"first","12":"instock","13":"shipping-taxable","14":"purchasable","15":"product-type-simple"},"_links":{"self":[{"href":"https:\/\/silk-pajamas.com\/fr\/wp-json\/wp\/v2\/product\/951","targetHints":{"allow":["GET"]}}],"collection":[{"href":"https:\/\/silk-pajamas.com\/fr\/wp-json\/wp\/v2\/product"}],"about":[{"href":"https:\/\/silk-pajamas.com\/fr\/wp-json\/wp\/v2\/types\/product"}],"wp:featuredmedia":[{"embeddable":true,"href":"https:\/\/silk-pajamas.com\/fr\/wp-json\/wp\/v2\/media\/1251"}],"wp:attachment":[{"href":"https:\/\/silk-pajamas.com\/fr\/wp-json\/wp\/v2\/media?parent=951"}],"wp:term":[{"taxonomy":"product_brand","embeddable":true,"href":"https:\/\/silk-pajamas.com\/fr\/wp-json\/wp\/v2\/product_brand?post=951"},{"taxonomy":"product_cat","embeddable":true,"href":"https:\/\/silk-pajamas.com\/fr\/wp-json\/wp\/v2\/product_cat?post=951"},{"taxonomy":"product_tag","embeddable":true,"href":"https:\/\/silk-pajamas.com\/fr\/wp-json\/wp\/v2\/product_tag?post=951"}],"curies":[{"name":"wp","href":"https:\/\/api.w.org\/{rel}","templated":true}]}}