{"id":953,"date":"2026-04-12T15:43:46","date_gmt":"2026-04-12T15:43:46","guid":{"rendered":"https:\/\/silk-pajamas.com\/19-momme-mulberry-silk-bralette-set-wireless-ivory-supplier\/"},"modified":"2026-04-16T09:09:17","modified_gmt":"2026-04-16T09:09:17","slug":"19-momme-mulberry-silk-bralette-set-wireless-ivory-supplier","status":"publish","type":"product","link":"https:\/\/silk-pajamas.com\/fr\/19-momme-mulberry-silk-bralette-set-wireless-ivory-supplier\/","title":{"rendered":"19 Momme Mulberry Silk Bralette Set Wireless Ivory Supplier"},"content":{"rendered":"<p>Fabriqu\u00e9 avec de la soie de m\u00fbrier de 19 mm, cet ensemble soutien-gorge et culotte offre une thermor\u00e9gulation, un toucher doux et des mouvements \u00e9l\u00e9gants. La construction sans fil et la couleur ivoire conf\u00e8rent \u00e0 l'ensemble un look raffin\u00e9 pour les femmes. Disponible en version personnalis\u00e9e. Laver \u00e0 la main \u00e0 froid ou utiliser un cycle d\u00e9licat.<\/p>","protected":false},"excerpt":{"rendered":"<p>19 Momme Mulberry, ensemble soutien-gorge et culotte en soie ivoire. Finition sans fil, sensation de thermor\u00e9gulation et gamme de tailles sur mesure. Con\u00e7u pour les femmes.<\/p>","protected":false},"featured_media":1211,"template":"","meta":{"_gspb_post_css":""},"product_brand":[],"product_cat":[40],"product_tag":[949,950,942],"class_list":{"0":"post-953","1":"product","2":"type-product","3":"status-publish","4":"has-post-thumbnail","6":"product_cat-silk-bra-panty-sets","7":"product_tag-19-momme-silk-bra-panty-set-ivory","8":"product_tag-mulberry-silk-bra-panty-set-wireless","9":"product_tag-wholesale-silk-bra-panty-set-for-women","11":"first","12":"instock","13":"featured","14":"shipping-taxable","15":"purchasable","16":"product-type-simple"},"_links":{"self":[{"href":"https:\/\/silk-pajamas.com\/fr\/wp-json\/wp\/v2\/product\/953","targetHints":{"allow":["GET"]}}],"collection":[{"href":"https:\/\/silk-pajamas.com\/fr\/wp-json\/wp\/v2\/product"}],"about":[{"href":"https:\/\/silk-pajamas.com\/fr\/wp-json\/wp\/v2\/types\/product"}],"wp:featuredmedia":[{"embeddable":true,"href":"https:\/\/silk-pajamas.com\/fr\/wp-json\/wp\/v2\/media\/1211"}],"wp:attachment":[{"href":"https:\/\/silk-pajamas.com\/fr\/wp-json\/wp\/v2\/media?parent=953"}],"wp:term":[{"taxonomy":"product_brand","embeddable":true,"href":"https:\/\/silk-pajamas.com\/fr\/wp-json\/wp\/v2\/product_brand?post=953"},{"taxonomy":"product_cat","embeddable":true,"href":"https:\/\/silk-pajamas.com\/fr\/wp-json\/wp\/v2\/product_cat?post=953"},{"taxonomy":"product_tag","embeddable":true,"href":"https:\/\/silk-pajamas.com\/fr\/wp-json\/wp\/v2\/product_tag?post=953"}],"curies":[{"name":"wp","href":"https:\/\/api.w.org\/{rel}","templated":true}]}}